{"id":10575,"date":"2024-04-20T18:20:58","date_gmt":"2024-04-20T16:20:58","guid":{"rendered":"https:\/\/www.radiologie-heinsberg.de\/?page_id=10575"},"modified":"2025-11-26T15:37:09","modified_gmt":"2025-11-26T14:37:09","slug":"karriere-und-weiterbildung-in-der-praxisgemeinschaft-heinsberg","status":"publish","type":"page","link":"https:\/\/www.radiologie-heinsberg.de\/en\/karriere-und-weiterbildung-in-der-praxisgemeinschaft-heinsberg\/","title":{"rendered":"Karriere und Weiterbildung in der Praxisgemeinschaft Heinsberg"},"content":{"rendered":"<div data-elementor-type=\"wp-page\" data-elementor-id=\"10575\" class=\"elementor elementor-10575\" data-elementor-post-type=\"page\">\n\t\t\t\t<div class=\"elementor-element elementor-element-99d17d5 e-con-full e-flex e-con e-parent\" data-id=\"99d17d5\" data-element_type=\"container\" data-e-type=\"container\" data-settings=\"{&quot;background_background&quot;:&quot;classic&quot;}\">\n\t\t<div class=\"elementor-element elementor-element-780dcd9 e-con-full e-flex e-con e-child\" data-id=\"780dcd9\" data-element_type=\"container\" data-e-type=\"container\" data-settings=\"{&quot;background_background&quot;:&quot;classic&quot;}\">\n\t\t\t\t<div class=\"elementor-element elementor-element-73e5dac animated-slow elementor-widget__width-inherit elementor-widget elementor-widget-heading\" data-id=\"73e5dac\" data-element_type=\"widget\" data-e-type=\"widget\" data-settings=\"{&quot;_animation&quot;:&quot;none&quot;}\" data-widget_type=\"heading.default\">\n\t\t\t\t<div class=\"elementor-widget-container\">\n\t\t\t\t\t<h2 class=\"elementor-heading-title elementor-size-default translation-block\">Jobs<\/h2>\t\t\t\t<\/div>\n\t\t\t\t<\/div>\n\t\t\t\t<\/div>\n\t\t\t\t<\/div>\n\t\t<div class=\"elementor-element elementor-element-341bd6f1 e-flex e-con-boxed e-con e-parent\" data-id=\"341bd6f1\" data-element_type=\"container\" data-e-type=\"container\">\n\t\t\t\t\t<div class=\"e-con-inner\">\n\t\t\t\t<div class=\"elementor-element elementor-element-e941daa animated-slow elementor-widget-mobile__width-inherit elementor-invisible elementor-widget elementor-widget-heading\" data-id=\"e941daa\" data-element_type=\"widget\" data-e-type=\"widget\" data-settings=\"{&quot;_animation&quot;:&quot;fadeIn&quot;}\" data-widget_type=\"heading.default\">\n\t\t\t\t<div class=\"elementor-widget-container\">\n\t\t\t\t\t<h1 class=\"elementor-heading-title elementor-size-default translation-block\">No jobs available at the moment<\/h1>\t\t\t\t<\/div>\n\t\t\t\t<\/div>\n\t\t\t\t\t<\/div>\n\t\t\t\t<\/div>\n\t\t\t\t<\/div>","protected":false},"excerpt":{"rendered":"<p>Karriere &amp;Weiterbildung Karriere und Weiterbildung in der Praxis&shy;gemeinschaft Radiologie | Nuklearmedizin Heinsberg Werde Teil des Teams! Gemeinsam k\u00f6nnen wir dauerhaft und zuverl\u00e4ssig die umfangreiche Patientenversorgung in der Region sicherstellen.Wir freuen uns immer \u00fcber Initiativbewerbungen!Unser Team besteht unter anderem aus MFAs, MTRAS, Empfangsmitarbeitenden, Fach\u00e4rzten und Fach\u00e4rztinnen. Aktuell suchen wir &#8230; &nbsp;&#8211; Empfangsmitarbeiter\/innen (m\/w\/d) &nbsp;&#8211; medizinische Fachangestellte [&hellip;]<\/p>\n","protected":false},"author":3,"featured_media":0,"parent":0,"menu_order":0,"comment_status":"closed","ping_status":"closed","template":"","meta":{"footnotes":""},"class_list":["post-10575","page","type-page","status-publish","hentry"],"yoast_head":"<!-- This site is optimized with the Yoast SEO plugin v27.6 - https:\/\/yoast.com\/product\/yoast-seo-wordpress\/ -->\n<title>Karriere und Weiterbildung in der Praxisgemeinschaft Heinsberg - Radiologie | Nuklearmedizin Heinsberg<\/title>\n<meta name=\"robots\" content=\"index, follow, max-snippet:-1, max-image-preview:large, max-video-preview:-1\" \/>\n<link rel=\"canonical\" href=\"https:\/\/www.radiologie-heinsberg.de\/en\/karriere-und-weiterbildung-in-der-praxisgemeinschaft-heinsberg\/\" \/>\n<meta property=\"og:locale\" content=\"en_US\" \/>\n<meta property=\"og:type\" content=\"article\" \/>\n<meta property=\"og:title\" content=\"Karriere und Weiterbildung in der Praxisgemeinschaft Heinsberg - Radiologie | Nuklearmedizin Heinsberg\" \/>\n<meta property=\"og:description\" content=\"Karriere &amp;Weiterbildung Karriere und Weiterbildung in der Praxis&shy;gemeinschaft Radiologie | Nuklearmedizin Heinsberg Werde Teil des Teams! Gemeinsam k\u00f6nnen wir dauerhaft und zuverl\u00e4ssig die umfangreiche Patientenversorgung in der Region sicherstellen.Wir freuen uns immer \u00fcber Initiativbewerbungen!Unser Team besteht unter anderem aus MFAs, MTRAS, Empfangsmitarbeitenden, Fach\u00e4rzten und Fach\u00e4rztinnen. Aktuell suchen wir &#8230; &nbsp;&#8211; Empfangsmitarbeiter\/innen (m\/w\/d) &nbsp;&#8211; medizinische Fachangestellte [&hellip;]\" \/>\n<meta property=\"og:url\" content=\"https:\/\/www.radiologie-heinsberg.de\/en\/karriere-und-weiterbildung-in-der-praxisgemeinschaft-heinsberg\/\" \/>\n<meta property=\"og:site_name\" content=\"Radiologie | Nuklearmedizin Heinsberg\" \/>\n<meta property=\"article:modified_time\" content=\"2025-11-26T14:37:09+00:00\" \/>\n<meta name=\"twitter:card\" content=\"summary_large_image\" \/>\n<meta name=\"twitter:label1\" content=\"Est. reading time\" \/>\n\t<meta name=\"twitter:data1\" content=\"1 minute\" \/>\n<script type=\"application\/ld+json\" class=\"yoast-schema-graph\">{\"@context\":\"https:\\\/\\\/schema.org\",\"@graph\":[{\"@type\":\"WebPage\",\"@id\":\"https:\\\/\\\/www.radiologie-heinsberg.de\\\/karriere-und-weiterbildung-in-der-praxisgemeinschaft-heinsberg\\\/\",\"url\":\"https:\\\/\\\/www.radiologie-heinsberg.de\\\/karriere-und-weiterbildung-in-der-praxisgemeinschaft-heinsberg\\\/\",\"name\":\"Karriere und Weiterbildung in der Praxisgemeinschaft Heinsberg - Radiologie | Nuklearmedizin Heinsberg\",\"isPartOf\":{\"@id\":\"https:\\\/\\\/www.radiologie-heinsberg.de\\\/#website\"},\"datePublished\":\"2024-04-20T16:20:58+00:00\",\"dateModified\":\"2025-11-26T14:37:09+00:00\",\"breadcrumb\":{\"@id\":\"https:\\\/\\\/www.radiologie-heinsberg.de\\\/karriere-und-weiterbildung-in-der-praxisgemeinschaft-heinsberg\\\/#breadcrumb\"},\"inLanguage\":\"en-US\",\"potentialAction\":[{\"@type\":\"ReadAction\",\"target\":[\"https:\\\/\\\/www.radiologie-heinsberg.de\\\/karriere-und-weiterbildung-in-der-praxisgemeinschaft-heinsberg\\\/\"]}]},{\"@type\":\"BreadcrumbList\",\"@id\":\"https:\\\/\\\/www.radiologie-heinsberg.de\\\/karriere-und-weiterbildung-in-der-praxisgemeinschaft-heinsberg\\\/#breadcrumb\",\"itemListElement\":[{\"@type\":\"ListItem\",\"position\":1,\"name\":\"Startseite\",\"item\":\"https:\\\/\\\/www.radiologie-heinsberg.de\\\/\"},{\"@type\":\"ListItem\",\"position\":2,\"name\":\"Karriere und Weiterbildung in der Praxisgemeinschaft Heinsberg\"}]},{\"@type\":\"WebSite\",\"@id\":\"https:\\\/\\\/www.radiologie-heinsberg.de\\\/#website\",\"url\":\"https:\\\/\\\/www.radiologie-heinsberg.de\\\/\",\"name\":\"Radiologie | Nuklearmedizin Heinsberg\",\"description\":\"Gemeinschaftspraxis Heinsberg\",\"publisher\":{\"@id\":\"https:\\\/\\\/www.radiologie-heinsberg.de\\\/#organization\"},\"potentialAction\":[{\"@type\":\"SearchAction\",\"target\":{\"@type\":\"EntryPoint\",\"urlTemplate\":\"https:\\\/\\\/www.radiologie-heinsberg.de\\\/?s={search_term_string}\"},\"query-input\":{\"@type\":\"PropertyValueSpecification\",\"valueRequired\":true,\"valueName\":\"search_term_string\"}}],\"inLanguage\":\"en-US\"},{\"@type\":\"Organization\",\"@id\":\"https:\\\/\\\/www.radiologie-heinsberg.de\\\/#organization\",\"name\":\"Radiologie | Nuklearmedizin Heinsberg\",\"url\":\"https:\\\/\\\/www.radiologie-heinsberg.de\\\/\",\"logo\":{\"@type\":\"ImageObject\",\"inLanguage\":\"en-US\",\"@id\":\"https:\\\/\\\/www.radiologie-heinsberg.de\\\/#\\\/schema\\\/logo\\\/image\\\/\",\"url\":\"https:\\\/\\\/www.radiologie-heinsberg.de\\\/wp-content\\\/uploads\\\/2024\\\/01\\\/Logo-praxis-radiologie-heinsberg.jpg\",\"contentUrl\":\"https:\\\/\\\/www.radiologie-heinsberg.de\\\/wp-content\\\/uploads\\\/2024\\\/01\\\/Logo-praxis-radiologie-heinsberg.jpg\",\"width\":604,\"height\":271,\"caption\":\"Radiologie | Nuklearmedizin Heinsberg\"},\"image\":{\"@id\":\"https:\\\/\\\/www.radiologie-heinsberg.de\\\/#\\\/schema\\\/logo\\\/image\\\/\"}}]}<\/script>\n<!-- \/ Yoast SEO plugin. -->","yoast_head_json":{"title":"Karriere und Weiterbildung in der Praxisgemeinschaft Heinsberg - Radiologie | Nuklearmedizin Heinsberg","robots":{"index":"index","follow":"follow","max-snippet":"max-snippet:-1","max-image-preview":"max-image-preview:large","max-video-preview":"max-video-preview:-1"},"canonical":"https:\/\/www.radiologie-heinsberg.de\/en\/karriere-und-weiterbildung-in-der-praxisgemeinschaft-heinsberg\/","og_locale":"en_US","og_type":"article","og_title":"Karriere und Weiterbildung in der Praxisgemeinschaft Heinsberg - Radiologie | Nuklearmedizin Heinsberg","og_description":"Karriere &amp;Weiterbildung Karriere und Weiterbildung in der Praxis&shy;gemeinschaft Radiologie | Nuklearmedizin Heinsberg Werde Teil des Teams! Gemeinsam k\u00f6nnen wir dauerhaft und zuverl\u00e4ssig die umfangreiche Patientenversorgung in der Region sicherstellen.Wir freuen uns immer \u00fcber Initiativbewerbungen!Unser Team besteht unter anderem aus MFAs, MTRAS, Empfangsmitarbeitenden, Fach\u00e4rzten und Fach\u00e4rztinnen. Aktuell suchen wir &#8230; &nbsp;&#8211; Empfangsmitarbeiter\/innen (m\/w\/d) &nbsp;&#8211; medizinische Fachangestellte [&hellip;]","og_url":"https:\/\/www.radiologie-heinsberg.de\/en\/karriere-und-weiterbildung-in-der-praxisgemeinschaft-heinsberg\/","og_site_name":"Radiologie | Nuklearmedizin Heinsberg","article_modified_time":"2025-11-26T14:37:09+00:00","twitter_card":"summary_large_image","twitter_misc":{"Est. reading time":"1 minute"},"schema":{"@context":"https:\/\/schema.org","@graph":[{"@type":"WebPage","@id":"https:\/\/www.radiologie-heinsberg.de\/karriere-und-weiterbildung-in-der-praxisgemeinschaft-heinsberg\/","url":"https:\/\/www.radiologie-heinsberg.de\/karriere-und-weiterbildung-in-der-praxisgemeinschaft-heinsberg\/","name":"Karriere und Weiterbildung in der Praxisgemeinschaft Heinsberg - Radiologie | Nuklearmedizin Heinsberg","isPartOf":{"@id":"https:\/\/www.radiologie-heinsberg.de\/#website"},"datePublished":"2024-04-20T16:20:58+00:00","dateModified":"2025-11-26T14:37:09+00:00","breadcrumb":{"@id":"https:\/\/www.radiologie-heinsberg.de\/karriere-und-weiterbildung-in-der-praxisgemeinschaft-heinsberg\/#breadcrumb"},"inLanguage":"en-US","potentialAction":[{"@type":"ReadAction","target":["https:\/\/www.radiologie-heinsberg.de\/karriere-und-weiterbildung-in-der-praxisgemeinschaft-heinsberg\/"]}]},{"@type":"BreadcrumbList","@id":"https:\/\/www.radiologie-heinsberg.de\/karriere-und-weiterbildung-in-der-praxisgemeinschaft-heinsberg\/#breadcrumb","itemListElement":[{"@type":"ListItem","position":1,"name":"Startseite","item":"https:\/\/www.radiologie-heinsberg.de\/"},{"@type":"ListItem","position":2,"name":"Karriere und Weiterbildung in der Praxisgemeinschaft Heinsberg"}]},{"@type":"WebSite","@id":"https:\/\/www.radiologie-heinsberg.de\/#website","url":"https:\/\/www.radiologie-heinsberg.de\/","name":"Radiologie | Nuklearmedizin Heinsberg","description":"Gemeinschaftspraxis Heinsberg","publisher":{"@id":"https:\/\/www.radiologie-heinsberg.de\/#organization"},"potentialAction":[{"@type":"SearchAction","target":{"@type":"EntryPoint","urlTemplate":"https:\/\/www.radiologie-heinsberg.de\/?s={search_term_string}"},"query-input":{"@type":"PropertyValueSpecification","valueRequired":true,"valueName":"search_term_string"}}],"inLanguage":"en-US"},{"@type":"Organization","@id":"https:\/\/www.radiologie-heinsberg.de\/#organization","name":"Radiologie | Nuklearmedizin Heinsberg","url":"https:\/\/www.radiologie-heinsberg.de\/","logo":{"@type":"ImageObject","inLanguage":"en-US","@id":"https:\/\/www.radiologie-heinsberg.de\/#\/schema\/logo\/image\/","url":"https:\/\/www.radiologie-heinsberg.de\/wp-content\/uploads\/2024\/01\/Logo-praxis-radiologie-heinsberg.jpg","contentUrl":"https:\/\/www.radiologie-heinsberg.de\/wp-content\/uploads\/2024\/01\/Logo-praxis-radiologie-heinsberg.jpg","width":604,"height":271,"caption":"Radiologie | Nuklearmedizin Heinsberg"},"image":{"@id":"https:\/\/www.radiologie-heinsberg.de\/#\/schema\/logo\/image\/"}}]}},"_links":{"self":[{"href":"https:\/\/www.radiologie-heinsberg.de\/en\/wp-json\/wp\/v2\/pages\/10575","targetHints":{"allow":["GET"]}}],"collection":[{"href":"https:\/\/www.radiologie-heinsberg.de\/en\/wp-json\/wp\/v2\/pages"}],"about":[{"href":"https:\/\/www.radiologie-heinsberg.de\/en\/wp-json\/wp\/v2\/types\/page"}],"author":[{"embeddable":true,"href":"https:\/\/www.radiologie-heinsberg.de\/en\/wp-json\/wp\/v2\/users\/3"}],"replies":[{"embeddable":true,"href":"https:\/\/www.radiologie-heinsberg.de\/en\/wp-json\/wp\/v2\/comments?post=10575"}],"version-history":[{"count":15,"href":"https:\/\/www.radiologie-heinsberg.de\/en\/wp-json\/wp\/v2\/pages\/10575\/revisions"}],"predecessor-version":[{"id":12776,"href":"https:\/\/www.radiologie-heinsberg.de\/en\/wp-json\/wp\/v2\/pages\/10575\/revisions\/12776"}],"wp:attachment":[{"href":"https:\/\/www.radiologie-heinsberg.de\/en\/wp-json\/wp\/v2\/media?parent=10575"}],"curies":[{"name":"wp","href":"https:\/\/api.w.org\/{rel}","templated":true}]}}