{"id":12690,"date":"2025-07-18T09:03:23","date_gmt":"2025-07-18T07:03:23","guid":{"rendered":"https:\/\/www.radiologie-heinsberg.de\/?page_id=12690"},"modified":"2025-07-18T09:11:36","modified_gmt":"2025-07-18T07:11:36","slug":"statement-barrierefreiheit","status":"publish","type":"page","link":"https:\/\/www.radiologie-heinsberg.de\/en\/statement-barrierefreiheit\/","title":{"rendered":"Statement zur Barrierefreiheit"},"content":{"rendered":"<div data-elementor-type=\"wp-page\" data-elementor-id=\"12690\" class=\"elementor elementor-12690\" data-elementor-post-type=\"page\">\n\t\t\t\t<div class=\"elementor-element elementor-element-47cac01a e-con-full e-flex e-con e-parent\" data-id=\"47cac01a\" data-element_type=\"container\" data-e-type=\"container\" data-settings=\"{&quot;background_background&quot;:&quot;classic&quot;}\">\n\t\t<div class=\"elementor-element elementor-element-6affb8fc e-con-full e-flex e-con e-child\" data-id=\"6affb8fc\" data-element_type=\"container\" data-e-type=\"container\">\n\t\t\t\t<div class=\"elementor-element elementor-element-4c971e40 elementor-widget elementor-widget-heading\" data-id=\"4c971e40\" data-element_type=\"widget\" data-e-type=\"widget\" data-widget_type=\"heading.default\">\n\t\t\t\t<div class=\"elementor-widget-container\">\n\t\t\t\t\t<h1 class=\"elementor-heading-title elementor-size-default\">Statement zur Barrierefreiheit<\/h1>\t\t\t\t<\/div>\n\t\t\t\t<\/div>\n\t\t\t\t<\/div>\n\t\t\t\t<\/div>\n\t\t<div class=\"elementor-element elementor-element-749e75c0 e-flex e-con-boxed e-con e-parent\" data-id=\"749e75c0\" data-element_type=\"container\" data-e-type=\"container\">\n\t\t\t\t\t<div class=\"e-con-inner\">\n\t\t<div class=\"elementor-element elementor-element-725233ea e-con-full e-flex e-con e-child\" data-id=\"725233ea\" data-element_type=\"container\" data-e-type=\"container\">\n\t\t\t\t<div class=\"elementor-element elementor-element-53fa77d8 elementor-widget elementor-widget-text-editor\" data-id=\"53fa77d8\" data-element_type=\"widget\" data-e-type=\"widget\" data-widget_type=\"text-editor.default\">\n\t\t\t\t<div class=\"elementor-widget-container\">\n\t\t\t\t\t\t\t\t\t<p>Our<\/p><p><strong>Joint practice for radiology and nuclear medicine<\/strong><br \/>Stiftsstra\u00dfe 21<br \/>52525 Heinsberg<br \/>Phone +49 (0)2452 \/ 924450<br \/>Fax +49 (0)2452 \/ 9244579<br \/>eMail: info@radiologie-heinsberg.de<\/p><p>strives to provide all users with easy and barrier-free access to the information on our website.<\/p><p>It is important to us that all visitors can find their way around our website and easily access the information they require.<\/p>\t\t\t\t\t\t\t\t<\/div>\n\t\t\t\t<\/div>\n\t\t\t\t<div class=\"elementor-element elementor-element-79c89a88 elementor-widget elementor-widget-heading\" data-id=\"79c89a88\" data-element_type=\"widget\" data-e-type=\"widget\" data-widget_type=\"heading.default\">\n\t\t\t\t<div class=\"elementor-widget-container\">\n\t\t\t\t\t<h2 class=\"elementor-heading-title elementor-size-default\">Our measures to improve accessibility\n<\/h2>\t\t\t\t<\/div>\n\t\t\t\t<\/div>\n\t\t\t\t<div class=\"elementor-element elementor-element-4276cf83 elementor-widget elementor-widget-text-editor\" data-id=\"4276cf83\" data-element_type=\"widget\" data-e-type=\"widget\" data-widget_type=\"text-editor.default\">\n\t\t\t\t<div class=\"elementor-widget-container\">\n\t\t\t\t\t\t\t\t\t<p>We have integrated the WP Accessibility plugin on our website, which offers the following functions:<\/p><ul><li>Keyboard navigation<\/li><li>Disable Animations<\/li><li>Increase contrast<\/li><li>Increase text<\/li><li>Choice readable font<\/li><li>Show title attributes<\/li><li>Highlight Links and Buttons<\/li><\/ul>\t\t\t\t\t\t\t\t<\/div>\n\t\t\t\t<\/div>\n\t\t\t\t<div class=\"elementor-element elementor-element-7ec19809 elementor-widget elementor-widget-heading\" data-id=\"7ec19809\" data-element_type=\"widget\" data-e-type=\"widget\" data-widget_type=\"heading.default\">\n\t\t\t\t<div class=\"elementor-widget-container\">\n\t\t\t\t\t<h2 class=\"elementor-heading-title elementor-size-default\">Known restrictions\n<\/h2>\t\t\t\t<\/div>\n\t\t\t\t<\/div>\n\t\t\t\t<div class=\"elementor-element elementor-element-425f958c elementor-widget elementor-widget-text-editor\" data-id=\"425f958c\" data-element_type=\"widget\" data-e-type=\"widget\" data-widget_type=\"text-editor.default\">\n\t\t\t\t<div class=\"elementor-widget-container\">\n\t\t\t\t\t\t\t\t\t<p>Despite our efforts, our website may not be fully accessible in all aspects. We are continuously working to improve accessibility and welcome your feedback.<\/p>\t\t\t\t\t\t\t\t<\/div>\n\t\t\t\t<\/div>\n\t\t\t\t<div class=\"elementor-element elementor-element-d0f3b84 elementor-widget elementor-widget-heading\" data-id=\"d0f3b84\" data-element_type=\"widget\" data-e-type=\"widget\" data-widget_type=\"heading.default\">\n\t\t\t\t<div class=\"elementor-widget-container\">\n\t\t\t\t\t<h2 class=\"elementor-heading-title elementor-size-default\">Feedback and contact<\/h2>\t\t\t\t<\/div>\n\t\t\t\t<\/div>\n\t\t\t\t<div class=\"elementor-element elementor-element-304c5830 elementor-widget elementor-widget-text-editor\" data-id=\"304c5830\" data-element_type=\"widget\" data-e-type=\"widget\" data-widget_type=\"text-editor.default\">\n\t\t\t\t<div class=\"elementor-widget-container\">\n\t\t\t\t\t\t\t\t\t<p>Falls Sie auf Barrieren sto\u00dfen oder Verbesserungsvorschl\u00e4ge haben, k\u00f6nnen Sie uns gerne kontaktieren:<\/p><p><strong>Joint practice for radiology and nuclear medicine<\/strong><\/p><p>Stiftsstra\u00dfe 21<br \/>52525 Heinsberg<br \/>Phone +49 (0)2452 \/ 924450<br \/>Fax +49 (0)2452 \/ 9244579<br \/>eMail: info@radiologie-heinsberg.de<\/p><p>We greatly appreciate your feedback and will endeavor to rectify any problems as quickly as possible.<\/p>\t\t\t\t\t\t\t\t<\/div>\n\t\t\t\t<\/div>\n\t\t\t\t<\/div>\n\t\t\t\t\t<\/div>\n\t\t\t\t<\/div>\n\t\t\t\t<\/div>","protected":false},"excerpt":{"rendered":"<p>Statement zur Barrierefreiheit Unsere Praxisgemeinschaft f\u00fcr Radiologie und NuklearmedizinStiftsstra\u00dfe 2152525 HeinsbergTelefon+49 (0)2452 \/ 924450Fax+49 (0)2452 \/ 9244579eMail: info@radiologie-heinsberg.de ist bestrebt, allen Nutzern und Nutzerinnen einen einfachen und barrierearmen Zugang zu den Informationen auf unserer Website zu erm\u00f6glichen. Es liegt uns am Herzen, dass sich alle Besucher und Besucherinnen auf unserer Website gut zurechtfinden und die [&hellip;]<\/p>\n","protected":false},"author":3,"featured_media":0,"parent":0,"menu_order":0,"comment_status":"closed","ping_status":"closed","template":"","meta":{"footnotes":""},"class_list":["post-12690","page","type-page","status-publish","hentry"],"yoast_head":"<!-- This site is optimized with the Yoast SEO plugin v27.5 - https:\/\/yoast.com\/product\/yoast-seo-wordpress\/ -->\n<title>Statement zur Barrierefreiheit - Radiologie | Nuklearmedizin Heinsberg<\/title>\n<meta name=\"robots\" content=\"index, follow, max-snippet:-1, max-image-preview:large, max-video-preview:-1\" \/>\n<link rel=\"canonical\" href=\"https:\/\/www.radiologie-heinsberg.de\/en\/statement-barrierefreiheit\/\" \/>\n<meta property=\"og:locale\" content=\"en_US\" \/>\n<meta property=\"og:type\" content=\"article\" \/>\n<meta property=\"og:title\" content=\"Statement zur Barrierefreiheit - Radiologie | Nuklearmedizin Heinsberg\" \/>\n<meta property=\"og:description\" content=\"Statement zur Barrierefreiheit Unsere Praxisgemeinschaft f\u00fcr Radiologie und NuklearmedizinStiftsstra\u00dfe 2152525 HeinsbergTelefon+49 (0)2452 \/ 924450Fax+49 (0)2452 \/ 9244579eMail: info@radiologie-heinsberg.de ist bestrebt, allen Nutzern und Nutzerinnen einen einfachen und barrierearmen Zugang zu den Informationen auf unserer Website zu erm\u00f6glichen. Es liegt uns am Herzen, dass sich alle Besucher und Besucherinnen auf unserer Website gut zurechtfinden und die [&hellip;]\" \/>\n<meta property=\"og:url\" content=\"https:\/\/www.radiologie-heinsberg.de\/en\/statement-barrierefreiheit\/\" \/>\n<meta property=\"og:site_name\" content=\"Radiologie | Nuklearmedizin Heinsberg\" \/>\n<meta property=\"article:modified_time\" content=\"2025-07-18T07:11:36+00:00\" \/>\n<meta name=\"twitter:card\" content=\"summary_large_image\" \/>\n<meta name=\"twitter:label1\" content=\"Est. reading time\" \/>\n\t<meta name=\"twitter:data1\" content=\"1 minute\" \/>\n<script type=\"application\/ld+json\" class=\"yoast-schema-graph\">{\"@context\":\"https:\\\/\\\/schema.org\",\"@graph\":[{\"@type\":\"WebPage\",\"@id\":\"https:\\\/\\\/www.radiologie-heinsberg.de\\\/statement-barrierefreiheit\\\/\",\"url\":\"https:\\\/\\\/www.radiologie-heinsberg.de\\\/statement-barrierefreiheit\\\/\",\"name\":\"Statement zur Barrierefreiheit - Radiologie | Nuklearmedizin Heinsberg\",\"isPartOf\":{\"@id\":\"https:\\\/\\\/www.radiologie-heinsberg.de\\\/#website\"},\"datePublished\":\"2025-07-18T07:03:23+00:00\",\"dateModified\":\"2025-07-18T07:11:36+00:00\",\"breadcrumb\":{\"@id\":\"https:\\\/\\\/www.radiologie-heinsberg.de\\\/statement-barrierefreiheit\\\/#breadcrumb\"},\"inLanguage\":\"en-US\",\"potentialAction\":[{\"@type\":\"ReadAction\",\"target\":[\"https:\\\/\\\/www.radiologie-heinsberg.de\\\/statement-barrierefreiheit\\\/\"]}]},{\"@type\":\"BreadcrumbList\",\"@id\":\"https:\\\/\\\/www.radiologie-heinsberg.de\\\/statement-barrierefreiheit\\\/#breadcrumb\",\"itemListElement\":[{\"@type\":\"ListItem\",\"position\":1,\"name\":\"Startseite\",\"item\":\"https:\\\/\\\/www.radiologie-heinsberg.de\\\/\"},{\"@type\":\"ListItem\",\"position\":2,\"name\":\"Statement zur Barrierefreiheit\"}]},{\"@type\":\"WebSite\",\"@id\":\"https:\\\/\\\/www.radiologie-heinsberg.de\\\/#website\",\"url\":\"https:\\\/\\\/www.radiologie-heinsberg.de\\\/\",\"name\":\"Radiologie | Nuklearmedizin Heinsberg\",\"description\":\"Gemeinschaftspraxis Heinsberg\",\"publisher\":{\"@id\":\"https:\\\/\\\/www.radiologie-heinsberg.de\\\/#organization\"},\"potentialAction\":[{\"@type\":\"SearchAction\",\"target\":{\"@type\":\"EntryPoint\",\"urlTemplate\":\"https:\\\/\\\/www.radiologie-heinsberg.de\\\/?s={search_term_string}\"},\"query-input\":{\"@type\":\"PropertyValueSpecification\",\"valueRequired\":true,\"valueName\":\"search_term_string\"}}],\"inLanguage\":\"en-US\"},{\"@type\":\"Organization\",\"@id\":\"https:\\\/\\\/www.radiologie-heinsberg.de\\\/#organization\",\"name\":\"Radiologie | Nuklearmedizin Heinsberg\",\"url\":\"https:\\\/\\\/www.radiologie-heinsberg.de\\\/\",\"logo\":{\"@type\":\"ImageObject\",\"inLanguage\":\"en-US\",\"@id\":\"https:\\\/\\\/www.radiologie-heinsberg.de\\\/#\\\/schema\\\/logo\\\/image\\\/\",\"url\":\"https:\\\/\\\/www.radiologie-heinsberg.de\\\/wp-content\\\/uploads\\\/2024\\\/01\\\/Logo-praxis-radiologie-heinsberg.jpg\",\"contentUrl\":\"https:\\\/\\\/www.radiologie-heinsberg.de\\\/wp-content\\\/uploads\\\/2024\\\/01\\\/Logo-praxis-radiologie-heinsberg.jpg\",\"width\":604,\"height\":271,\"caption\":\"Radiologie | Nuklearmedizin Heinsberg\"},\"image\":{\"@id\":\"https:\\\/\\\/www.radiologie-heinsberg.de\\\/#\\\/schema\\\/logo\\\/image\\\/\"}}]}<\/script>\n<!-- \/ Yoast SEO plugin. -->","yoast_head_json":{"title":"Statement zur Barrierefreiheit - Radiologie | Nuklearmedizin Heinsberg","robots":{"index":"index","follow":"follow","max-snippet":"max-snippet:-1","max-image-preview":"max-image-preview:large","max-video-preview":"max-video-preview:-1"},"canonical":"https:\/\/www.radiologie-heinsberg.de\/en\/statement-barrierefreiheit\/","og_locale":"en_US","og_type":"article","og_title":"Statement zur Barrierefreiheit - Radiologie | Nuklearmedizin Heinsberg","og_description":"Statement zur Barrierefreiheit Unsere Praxisgemeinschaft f\u00fcr Radiologie und NuklearmedizinStiftsstra\u00dfe 2152525 HeinsbergTelefon+49 (0)2452 \/ 924450Fax+49 (0)2452 \/ 9244579eMail: info@radiologie-heinsberg.de ist bestrebt, allen Nutzern und Nutzerinnen einen einfachen und barrierearmen Zugang zu den Informationen auf unserer Website zu erm\u00f6glichen. Es liegt uns am Herzen, dass sich alle Besucher und Besucherinnen auf unserer Website gut zurechtfinden und die [&hellip;]","og_url":"https:\/\/www.radiologie-heinsberg.de\/en\/statement-barrierefreiheit\/","og_site_name":"Radiologie | Nuklearmedizin Heinsberg","article_modified_time":"2025-07-18T07:11:36+00:00","twitter_card":"summary_large_image","twitter_misc":{"Est. reading time":"1 minute"},"schema":{"@context":"https:\/\/schema.org","@graph":[{"@type":"WebPage","@id":"https:\/\/www.radiologie-heinsberg.de\/statement-barrierefreiheit\/","url":"https:\/\/www.radiologie-heinsberg.de\/statement-barrierefreiheit\/","name":"Statement zur Barrierefreiheit - Radiologie | Nuklearmedizin Heinsberg","isPartOf":{"@id":"https:\/\/www.radiologie-heinsberg.de\/#website"},"datePublished":"2025-07-18T07:03:23+00:00","dateModified":"2025-07-18T07:11:36+00:00","breadcrumb":{"@id":"https:\/\/www.radiologie-heinsberg.de\/statement-barrierefreiheit\/#breadcrumb"},"inLanguage":"en-US","potentialAction":[{"@type":"ReadAction","target":["https:\/\/www.radiologie-heinsberg.de\/statement-barrierefreiheit\/"]}]},{"@type":"BreadcrumbList","@id":"https:\/\/www.radiologie-heinsberg.de\/statement-barrierefreiheit\/#breadcrumb","itemListElement":[{"@type":"ListItem","position":1,"name":"Startseite","item":"https:\/\/www.radiologie-heinsberg.de\/"},{"@type":"ListItem","position":2,"name":"Statement zur Barrierefreiheit"}]},{"@type":"WebSite","@id":"https:\/\/www.radiologie-heinsberg.de\/#website","url":"https:\/\/www.radiologie-heinsberg.de\/","name":"Radiologie | Nuklearmedizin Heinsberg","description":"Gemeinschaftspraxis Heinsberg","publisher":{"@id":"https:\/\/www.radiologie-heinsberg.de\/#organization"},"potentialAction":[{"@type":"SearchAction","target":{"@type":"EntryPoint","urlTemplate":"https:\/\/www.radiologie-heinsberg.de\/?s={search_term_string}"},"query-input":{"@type":"PropertyValueSpecification","valueRequired":true,"valueName":"search_term_string"}}],"inLanguage":"en-US"},{"@type":"Organization","@id":"https:\/\/www.radiologie-heinsberg.de\/#organization","name":"Radiologie | Nuklearmedizin Heinsberg","url":"https:\/\/www.radiologie-heinsberg.de\/","logo":{"@type":"ImageObject","inLanguage":"en-US","@id":"https:\/\/www.radiologie-heinsberg.de\/#\/schema\/logo\/image\/","url":"https:\/\/www.radiologie-heinsberg.de\/wp-content\/uploads\/2024\/01\/Logo-praxis-radiologie-heinsberg.jpg","contentUrl":"https:\/\/www.radiologie-heinsberg.de\/wp-content\/uploads\/2024\/01\/Logo-praxis-radiologie-heinsberg.jpg","width":604,"height":271,"caption":"Radiologie | Nuklearmedizin Heinsberg"},"image":{"@id":"https:\/\/www.radiologie-heinsberg.de\/#\/schema\/logo\/image\/"}}]}},"_links":{"self":[{"href":"https:\/\/www.radiologie-heinsberg.de\/en\/wp-json\/wp\/v2\/pages\/12690","targetHints":{"allow":["GET"]}}],"collection":[{"href":"https:\/\/www.radiologie-heinsberg.de\/en\/wp-json\/wp\/v2\/pages"}],"about":[{"href":"https:\/\/www.radiologie-heinsberg.de\/en\/wp-json\/wp\/v2\/types\/page"}],"author":[{"embeddable":true,"href":"https:\/\/www.radiologie-heinsberg.de\/en\/wp-json\/wp\/v2\/users\/3"}],"replies":[{"embeddable":true,"href":"https:\/\/www.radiologie-heinsberg.de\/en\/wp-json\/wp\/v2\/comments?post=12690"}],"version-history":[{"count":7,"href":"https:\/\/www.radiologie-heinsberg.de\/en\/wp-json\/wp\/v2\/pages\/12690\/revisions"}],"predecessor-version":[{"id":12701,"href":"https:\/\/www.radiologie-heinsberg.de\/en\/wp-json\/wp\/v2\/pages\/12690\/revisions\/12701"}],"wp:attachment":[{"href":"https:\/\/www.radiologie-heinsberg.de\/en\/wp-json\/wp\/v2\/media?parent=12690"}],"curies":[{"name":"wp","href":"https:\/\/api.w.org\/{rel}","templated":true}]}}