{"id":7587,"date":"2024-01-13T16:51:37","date_gmt":"2024-01-13T15:51:37","guid":{"rendered":"https:\/\/www.radiologie-heinsberg.de\/?page_id=7587"},"modified":"2024-10-10T15:55:41","modified_gmt":"2024-10-10T13:55:41","slug":"roentgen-radiologie-heinsberg","status":"publish","type":"page","link":"https:\/\/www.radiologie-heinsberg.de\/en\/roentgen-radiologie-heinsberg\/","title":{"rendered":"R\u00f6ntgendiagnostik | Radiologie | Nuklearmedizin Heinsberg"},"content":{"rendered":"<div data-elementor-type=\"wp-page\" data-elementor-id=\"7587\" class=\"elementor elementor-7587\" data-elementor-post-type=\"page\">\n\t\t\t\t<div class=\"elementor-element elementor-element-49cd4359 e-flex e-con-boxed e-con e-parent\" data-id=\"49cd4359\" data-element_type=\"container\" data-e-type=\"container\">\n\t\t\t\t\t<div class=\"e-con-inner\">\n\t\t\t\t<div class=\"elementor-element elementor-element-6528a2b7 animated-slow elementor-invisible elementor-widget elementor-widget-heading\" data-id=\"6528a2b7\" data-element_type=\"widget\" data-e-type=\"widget\" data-settings=\"{&quot;_animation&quot;:&quot;fadeIn&quot;}\" data-widget_type=\"heading.default\">\n\t\t\t\t<div class=\"elementor-widget-container\">\n\t\t\t\t\t<h1 class=\"elementor-heading-title elementor-size-default\">CONVENTIONAL X-RAY\nDIAGNOSTICS<\/h1>\t\t\t\t<\/div>\n\t\t\t\t<\/div>\n\t\t\t\t<div class=\"elementor-element elementor-element-3d5cd7c1 listenpunkte elementor-widget elementor-widget-text-editor\" data-id=\"3d5cd7c1\" data-element_type=\"widget\" data-e-type=\"widget\" data-widget_type=\"text-editor.default\">\n\t\t\t\t<div class=\"elementor-widget-container\">\n\t\t\t\t\t\t\t\t\t<p class=\"translation-block\">At our radiology centre in Heinsberg, we offer conventional X-ray technology in the form of digital X-rays. <br>\nConventional X-ray diagnostics remains an essential basic examination for clarifying diseases of the bones, joints and cardiopulmonary system.<\/p>\t\t\t\t\t\t\t\t<\/div>\n\t\t\t\t<\/div>\n\t\t\t\t<div class=\"elementor-element elementor-element-34692d8 elementor-widget elementor-widget-heading\" data-id=\"34692d8\" data-element_type=\"widget\" data-e-type=\"widget\" data-widget_type=\"heading.default\">\n\t\t\t\t<div class=\"elementor-widget-container\">\n\t\t\t\t\t<h2 class=\"elementor-heading-title elementor-size-default\">Digital X-ray:<br> ALL INFORMATION AT A GLANCE<\/h2>\t\t\t\t<\/div>\n\t\t\t\t<\/div>\n\t\t<div class=\"elementor-element elementor-element-4b77c639 e-flex e-con-boxed e-con e-child\" data-id=\"4b77c639\" data-element_type=\"container\" data-e-type=\"container\">\n\t\t\t\t\t<div class=\"e-con-inner\">\n\t\t<div class=\"elementor-element elementor-element-36e60733 e-flex e-con-boxed e-con e-child\" data-id=\"36e60733\" data-element_type=\"container\" data-e-type=\"container\" data-settings=\"{&quot;background_background&quot;:&quot;classic&quot;}\">\n\t\t\t\t\t<div class=\"e-con-inner\">\n\t\t<div class=\"elementor-element elementor-element-9cef1ab e-flex e-con-boxed e-con e-child\" data-id=\"9cef1ab\" data-element_type=\"container\" data-e-type=\"container\" data-settings=\"{&quot;background_background&quot;:&quot;classic&quot;}\">\n\t\t\t\t\t<div class=\"e-con-inner\">\n\t\t<div class=\"elementor-element elementor-element-2d98e9b e-flex e-con-boxed e-con e-child\" data-id=\"2d98e9b\" data-element_type=\"container\" data-e-type=\"container\" data-settings=\"{&quot;background_background&quot;:&quot;classic&quot;}\">\n\t\t\t\t\t<div class=\"e-con-inner\">\n\t\t<div class=\"elementor-element elementor-element-2189127e e-flex e-con-boxed e-con e-child\" data-id=\"2189127e\" data-element_type=\"container\" data-e-type=\"container\">\n\t\t\t\t\t<div class=\"e-con-inner\">\n\t\t\t\t<div class=\"elementor-element elementor-element-402bdf4 elementor-widget__width-initial elementor-widget elementor-widget-text-editor\" data-id=\"402bdf4\" data-element_type=\"widget\" data-e-type=\"widget\" data-widget_type=\"text-editor.default\">\n\t\t\t\t<div class=\"elementor-widget-container\">\n\t\t\t\t\t\t\t\t\t<p><strong>Technology<\/strong><\/p>\t\t\t\t\t\t\t\t<\/div>\n\t\t\t\t<\/div>\n\t\t\t\t<div class=\"elementor-element elementor-element-3fdd844e elementor-widget elementor-widget-text-editor\" data-id=\"3fdd844e\" data-element_type=\"widget\" data-e-type=\"widget\" data-widget_type=\"text-editor.default\">\n\t\t\t\t<div class=\"elementor-widget-container\">\n\t\t\t\t\t\t\t\t\tDigital X-ray uses X-rays for rapid basic imaging, with the images being generated and stored in digital form in our practice.\t\t\t\t\t\t\t\t<\/div>\n\t\t\t\t<\/div>\n\t\t\t\t\t<\/div>\n\t\t\t\t<\/div>\n\t\t<div class=\"elementor-element elementor-element-57323754 e-flex e-con-boxed e-con e-child\" data-id=\"57323754\" data-element_type=\"container\" data-e-type=\"container\">\n\t\t\t\t\t<div class=\"e-con-inner\">\n\t\t\t\t<div class=\"elementor-element elementor-element-ff07eca elementor-widget__width-initial elementor-widget elementor-widget-text-editor\" data-id=\"ff07eca\" data-element_type=\"widget\" data-e-type=\"widget\" data-widget_type=\"text-editor.default\">\n\t\t\t\t<div class=\"elementor-widget-container\">\n\t\t\t\t\t\t\t\t\t<p>Safety<\/p>\t\t\t\t\t\t\t\t<\/div>\n\t\t\t\t<\/div>\n\t\t\t\t<div class=\"elementor-element elementor-element-4823bc69 elementor-widget elementor-widget-text-editor\" data-id=\"4823bc69\" data-element_type=\"widget\" data-e-type=\"widget\" data-widget_type=\"text-editor.default\">\n\t\t\t\t<div class=\"elementor-widget-container\">\n\t\t\t\t\t\t\t\t\tIt is essential to minimise radiation exposure as far as possible. To this end, all radiation protection regulations are observed.\t\t\t\t\t\t\t\t<\/div>\n\t\t\t\t<\/div>\n\t\t\t\t\t<\/div>\n\t\t\t\t<\/div>\n\t\t<div class=\"elementor-element elementor-element-5ad6973d e-flex e-con-boxed e-con e-child\" data-id=\"5ad6973d\" data-element_type=\"container\" data-e-type=\"container\">\n\t\t\t\t\t<div class=\"e-con-inner\">\n\t\t\t\t<div class=\"elementor-element elementor-element-674517c7 elementor-widget__width-initial elementor-widget elementor-widget-text-editor\" data-id=\"674517c7\" data-element_type=\"widget\" data-e-type=\"widget\" data-widget_type=\"text-editor.default\">\n\t\t\t\t<div class=\"elementor-widget-container\">\n\t\t\t\t\t\t\t\t\t<p>Areas of application<\/p>\t\t\t\t\t\t\t\t<\/div>\n\t\t\t\t<\/div>\n\t\t\t\t<div class=\"elementor-element elementor-element-59f95698 elementor-widget elementor-widget-text-editor\" data-id=\"59f95698\" data-element_type=\"widget\" data-e-type=\"widget\" data-widget_type=\"text-editor.default\">\n\t\t\t\t<div class=\"elementor-widget-container\">\n\t\t\t\t\t\t\t\t\tX-rays are versatile and are used in particular for the examination of bones, joints and the cardiopulmonary system.\t\t\t\t\t\t\t\t<\/div>\n\t\t\t\t<\/div>\n\t\t\t\t\t<\/div>\n\t\t\t\t<\/div>\n\t\t<div class=\"elementor-element elementor-element-9e84e7e e-flex e-con-boxed e-con e-child\" data-id=\"9e84e7e\" data-element_type=\"container\" data-e-type=\"container\">\n\t\t\t\t\t<div class=\"e-con-inner\">\n\t\t\t\t<div class=\"elementor-element elementor-element-29102e23 elementor-widget__width-initial elementor-widget elementor-widget-text-editor\" data-id=\"29102e23\" data-element_type=\"widget\" data-e-type=\"widget\" data-widget_type=\"text-editor.default\">\n\t\t\t\t<div class=\"elementor-widget-container\">\n\t\t\t\t\t\t\t\t\t<p>Image quality<\/p>\t\t\t\t\t\t\t\t<\/div>\n\t\t\t\t<\/div>\n\t\t\t\t<div class=\"elementor-element elementor-element-7b63f509 elementor-widget elementor-widget-text-editor\" data-id=\"7b63f509\" data-element_type=\"widget\" data-e-type=\"widget\" data-widget_type=\"text-editor.default\">\n\t\t\t\t<div class=\"elementor-widget-container\">\n\t\t\t\t\t\t\t\t\tDigital images offer a high resolution and enable a reduction in radiation through digital processing.\t\t\t\t\t\t\t\t<\/div>\n\t\t\t\t<\/div>\n\t\t\t\t\t<\/div>\n\t\t\t\t<\/div>\n\t\t<div class=\"elementor-element elementor-element-7cb1ea94 e-flex e-con-boxed e-con e-child\" data-id=\"7cb1ea94\" data-element_type=\"container\" data-e-type=\"container\">\n\t\t\t\t\t<div class=\"e-con-inner\">\n\t\t\t\t<div class=\"elementor-element elementor-element-7457377c elementor-widget__width-initial elementor-widget elementor-widget-text-editor\" data-id=\"7457377c\" data-element_type=\"widget\" data-e-type=\"widget\" data-widget_type=\"text-editor.default\">\n\t\t\t\t<div class=\"elementor-widget-container\">\n\t\t\t\t\t\t\t\t\t<p>Patient comfort<\/p>\t\t\t\t\t\t\t\t<\/div>\n\t\t\t\t<\/div>\n\t\t\t\t<div class=\"elementor-element elementor-element-7f8b0880 elementor-widget elementor-widget-text-editor\" data-id=\"7f8b0880\" data-element_type=\"widget\" data-e-type=\"widget\" data-widget_type=\"text-editor.default\">\n\t\t\t\t<div class=\"elementor-widget-container\">\n\t\t\t\t\t\t\t\t\tDigital X-rays can be performed at short notice without preparation. Only short waiting times and reduced examination times. \t\t\t\t\t\t\t\t<\/div>\n\t\t\t\t<\/div>\n\t\t\t\t\t<\/div>\n\t\t\t\t<\/div>\n\t\t\t\t\t<\/div>\n\t\t\t\t<\/div>\n\t\t\t\t\t<\/div>\n\t\t\t\t<\/div>\n\t\t\t\t\t<\/div>\n\t\t\t\t<\/div>\n\t\t\t\t\t<\/div>\n\t\t\t\t<\/div>\n\t\t\t\t\t<\/div>\n\t\t\t\t<\/div>\n\t\t<div class=\"elementor-element elementor-element-1f4aed2f e-flex e-con-boxed e-con e-parent\" data-id=\"1f4aed2f\" data-element_type=\"container\" data-e-type=\"container\">\n\t\t\t\t\t<div class=\"e-con-inner\">\n\t\t\t\t<div class=\"elementor-element elementor-element-a02f427 elementor-widget elementor-widget-heading\" data-id=\"a02f427\" data-element_type=\"widget\" data-e-type=\"widget\" data-widget_type=\"heading.default\">\n\t\t\t\t<div class=\"elementor-widget-container\">\n\t\t\t\t\t<h2 class=\"elementor-heading-title elementor-size-default\">X-RAY DIAGNOSTICS PROCEDURE<\/h2>\t\t\t\t<\/div>\n\t\t\t\t<\/div>\n\t\t\t\t<div class=\"elementor-element elementor-element-5118875 elementor-widget elementor-widget-text-editor\" data-id=\"5118875\" data-element_type=\"widget\" data-e-type=\"widget\" data-widget_type=\"text-editor.default\">\n\t\t\t\t<div class=\"elementor-widget-container\">\n\t\t\t\t\t\t\t\t\t<h3><strong><span style=\"color: var( --e-global-color-primary );\">Before examination<\/span><\/strong><\/h3>\n<ul>\n \t<li><strong>Pregnancy<\/strong><\/li>\n<\/ul>\nIf you are pregnant or suspect that you are pregnant, be sure to inform the medical staff, as X-ray examinations can only be carried out to a limited extent and with particular caution due to the use of ionising radiation. Your doctor can recommend alternative examination methods that do not expose the unborn child to radiation.\t\t\t\t\t\t\t\t<\/div>\n\t\t\t\t<\/div>\n\t\t\t\t<div class=\"elementor-element elementor-element-0e06272 elementor-widget elementor-widget-text-editor\" data-id=\"0e06272\" data-element_type=\"widget\" data-e-type=\"widget\" data-widget_type=\"text-editor.default\">\n\t\t\t\t<div class=\"elementor-widget-container\">\n\t\t\t\t\t\t\t\t\t<h3 style=\"font-weight: 400;\"><strong>During the examination<br>The following points must be observed during the X-ray examination:<\/strong><\/h3>\n<ul>\n \t<li><b>Instructions<\/b><\/li>\n<\/ul>\nWe try to make the examination as pleasant as possible for you, but we need your co-operation to produce the best possible images. You will receive instructions and support from our staff for this purpose. Please follow these instructions as closely as possible to ensure the best possible quality of the images and to avoid repeat images.\n<ul>\n \t<li><b>Protective clothing:<\/b><\/li>\n<\/ul>\nYou may be given lead aprons or lead protection to protect other areas of your body from exposure to X-rays. Wear this protective clothing according to the instructions.\t\t\t\t\t\t\t\t<\/div>\n\t\t\t\t<\/div>\n\t\t\t\t\t<\/div>\n\t\t\t\t<\/div>\n\t\t<div class=\"elementor-element elementor-element-47b5755 e-flex e-con-boxed e-con e-parent\" data-id=\"47b5755\" data-element_type=\"container\" data-e-type=\"container\" data-settings=\"{&quot;background_background&quot;:&quot;classic&quot;}\">\n\t\t\t\t\t<div class=\"e-con-inner\">\n\t\t\t\t<div class=\"elementor-element elementor-element-bb421b2 elementor-widget elementor-widget-image\" data-id=\"bb421b2\" data-element_type=\"widget\" data-e-type=\"widget\" data-widget_type=\"image.default\">\n\t\t\t\t<div class=\"elementor-widget-container\">\n\t\t\t\t\t\t\t\t\t\t\t\t\t\t\t<img fetchpriority=\"high\" decoding=\"async\" width=\"800\" height=\"534\" src=\"https:\/\/www.radiologie-heinsberg.de\/wp-content\/uploads\/2024\/06\/radiologie-heinsberg-roentgen-2-1024x683.jpg\" class=\"attachment-large size-large wp-image-10946\" alt=\"\" srcset=\"https:\/\/www.radiologie-heinsberg.de\/wp-content\/uploads\/2024\/06\/radiologie-heinsberg-roentgen-2-1024x683.jpg 1024w, https:\/\/www.radiologie-heinsberg.de\/wp-content\/uploads\/2024\/06\/radiologie-heinsberg-roentgen-2-300x200.jpg 300w, https:\/\/www.radiologie-heinsberg.de\/wp-content\/uploads\/2024\/06\/radiologie-heinsberg-roentgen-2-768x512.jpg 768w, https:\/\/www.radiologie-heinsberg.de\/wp-content\/uploads\/2024\/06\/radiologie-heinsberg-roentgen-2.jpg 1440w\" sizes=\"(max-width: 800px) 100vw, 800px\" \/>\t\t\t\t\t\t\t\t\t\t\t\t\t\t\t<\/div>\n\t\t\t\t<\/div>\n\t\t\t\t\t<\/div>\n\t\t\t\t<\/div>\n\t\t\t\t<\/div>","protected":false},"excerpt":{"rendered":"<p>Konventionelle R\u00f6ntgendiagnostik In unserer Radiologie\u00a0in Heinsberg bieten wir die konventionelle R\u00f6ntgentechnik in Form des digitalen R\u00f6ntgens an.Die konventionelle R\u00f6ntgendiagnostik bleibt eine essenzielle Basisuntersuchung zur Abkl\u00e4rung von Erkrankungen des Knochens, der Gelenke sowie des Herz-Lungensystems. Digitales R\u00f6ntgen: Alle Infos auf einen Blick Technik Digitales R\u00f6ntgen verwendet R\u00f6ntgenstrahlen f\u00fcr eine schnelle Basisbildgebung, wobei die Bilder in unserer [&hellip;]<\/p>\n","protected":false},"author":3,"featured_media":11851,"parent":0,"menu_order":0,"comment_status":"closed","ping_status":"closed","template":"","meta":{"footnotes":""},"class_list":["post-7587","page","type-page","status-publish","has-post-thumbnail","hentry"],"yoast_head":"<!-- This site is optimized with the Yoast SEO plugin v27.5 - https:\/\/yoast.com\/product\/yoast-seo-wordpress\/ -->\n<title>R\u00f6ntgendiagnostik | Radiologie | Nuklearmedizin Heinsberg<\/title>\n<meta name=\"description\" content=\"R\u00f6ntgen Heinsberg \u2713 \u27a4 Erfahren Sie mehr \u00fcber unsere Untersuchungen! \u27a4 Vereinbaren Sie einen Termin bei uns!\" \/>\n<meta name=\"robots\" content=\"index, follow, max-snippet:-1, max-image-preview:large, max-video-preview:-1\" \/>\n<link rel=\"canonical\" href=\"https:\/\/www.radiologie-heinsberg.de\/en\/roentgen-radiologie-heinsberg\/\" \/>\n<meta property=\"og:locale\" content=\"en_US\" \/>\n<meta property=\"og:type\" content=\"article\" \/>\n<meta property=\"og:title\" content=\"R\u00f6ntgendiagnostik | Radiologie | Nuklearmedizin Heinsberg\" \/>\n<meta property=\"og:description\" content=\"R\u00f6ntgen Heinsberg \u2713 \u27a4 Erfahren Sie mehr \u00fcber unsere Untersuchungen! \u27a4 Vereinbaren Sie einen Termin bei uns!\" \/>\n<meta property=\"og:url\" content=\"https:\/\/www.radiologie-heinsberg.de\/en\/roentgen-radiologie-heinsberg\/\" \/>\n<meta property=\"og:site_name\" content=\"Radiologie | Nuklearmedizin Heinsberg\" \/>\n<meta property=\"article:modified_time\" content=\"2024-10-10T13:55:41+00:00\" \/>\n<meta property=\"og:image\" content=\"https:\/\/www.radiologie-heinsberg.de\/wp-content\/uploads\/2024\/08\/radiologie-heinsberg-roentgendiagnostik.jpg\" \/>\n\t<meta property=\"og:image:width\" content=\"1920\" \/>\n\t<meta property=\"og:image:height\" content=\"1280\" \/>\n\t<meta property=\"og:image:type\" content=\"image\/jpeg\" \/>\n<meta name=\"twitter:card\" content=\"summary_large_image\" \/>\n<meta name=\"twitter:label1\" content=\"Est. reading time\" \/>\n\t<meta name=\"twitter:data1\" content=\"2 minutes\" \/>\n<script type=\"application\/ld+json\" class=\"yoast-schema-graph\">{\"@context\":\"https:\\\/\\\/schema.org\",\"@graph\":[{\"@type\":\"WebPage\",\"@id\":\"https:\\\/\\\/www.radiologie-heinsberg.de\\\/roentgen-radiologie-heinsberg\\\/\",\"url\":\"https:\\\/\\\/www.radiologie-heinsberg.de\\\/roentgen-radiologie-heinsberg\\\/\",\"name\":\"R\u00f6ntgendiagnostik | Radiologie | Nuklearmedizin Heinsberg\",\"isPartOf\":{\"@id\":\"https:\\\/\\\/www.radiologie-heinsberg.de\\\/#website\"},\"primaryImageOfPage\":{\"@id\":\"https:\\\/\\\/www.radiologie-heinsberg.de\\\/roentgen-radiologie-heinsberg\\\/#primaryimage\"},\"image\":{\"@id\":\"https:\\\/\\\/www.radiologie-heinsberg.de\\\/roentgen-radiologie-heinsberg\\\/#primaryimage\"},\"thumbnailUrl\":\"https:\\\/\\\/www.radiologie-heinsberg.de\\\/wp-content\\\/uploads\\\/2024\\\/08\\\/radiologie-heinsberg-roentgendiagnostik.jpg\",\"datePublished\":\"2024-01-13T15:51:37+00:00\",\"dateModified\":\"2024-10-10T13:55:41+00:00\",\"description\":\"R\u00f6ntgen Heinsberg \u2713 \u27a4 Erfahren Sie mehr \u00fcber unsere Untersuchungen! \u27a4 Vereinbaren Sie einen Termin bei uns!\",\"breadcrumb\":{\"@id\":\"https:\\\/\\\/www.radiologie-heinsberg.de\\\/roentgen-radiologie-heinsberg\\\/#breadcrumb\"},\"inLanguage\":\"en-US\",\"potentialAction\":[{\"@type\":\"ReadAction\",\"target\":[\"https:\\\/\\\/www.radiologie-heinsberg.de\\\/roentgen-radiologie-heinsberg\\\/\"]}]},{\"@type\":\"ImageObject\",\"inLanguage\":\"en-US\",\"@id\":\"https:\\\/\\\/www.radiologie-heinsberg.de\\\/roentgen-radiologie-heinsberg\\\/#primaryimage\",\"url\":\"https:\\\/\\\/www.radiologie-heinsberg.de\\\/wp-content\\\/uploads\\\/2024\\\/08\\\/radiologie-heinsberg-roentgendiagnostik.jpg\",\"contentUrl\":\"https:\\\/\\\/www.radiologie-heinsberg.de\\\/wp-content\\\/uploads\\\/2024\\\/08\\\/radiologie-heinsberg-roentgendiagnostik.jpg\",\"width\":1920,\"height\":1280},{\"@type\":\"BreadcrumbList\",\"@id\":\"https:\\\/\\\/www.radiologie-heinsberg.de\\\/roentgen-radiologie-heinsberg\\\/#breadcrumb\",\"itemListElement\":[{\"@type\":\"ListItem\",\"position\":1,\"name\":\"Startseite\",\"item\":\"https:\\\/\\\/www.radiologie-heinsberg.de\\\/\"},{\"@type\":\"ListItem\",\"position\":2,\"name\":\"R\u00f6ntgendiagnostik | Radiologie | Nuklearmedizin Heinsberg\"}]},{\"@type\":\"WebSite\",\"@id\":\"https:\\\/\\\/www.radiologie-heinsberg.de\\\/#website\",\"url\":\"https:\\\/\\\/www.radiologie-heinsberg.de\\\/\",\"name\":\"Radiologie | Nuklearmedizin Heinsberg\",\"description\":\"Gemeinschaftspraxis Heinsberg\",\"publisher\":{\"@id\":\"https:\\\/\\\/www.radiologie-heinsberg.de\\\/#organization\"},\"potentialAction\":[{\"@type\":\"SearchAction\",\"target\":{\"@type\":\"EntryPoint\",\"urlTemplate\":\"https:\\\/\\\/www.radiologie-heinsberg.de\\\/?s={search_term_string}\"},\"query-input\":{\"@type\":\"PropertyValueSpecification\",\"valueRequired\":true,\"valueName\":\"search_term_string\"}}],\"inLanguage\":\"en-US\"},{\"@type\":\"Organization\",\"@id\":\"https:\\\/\\\/www.radiologie-heinsberg.de\\\/#organization\",\"name\":\"Radiologie | Nuklearmedizin Heinsberg\",\"url\":\"https:\\\/\\\/www.radiologie-heinsberg.de\\\/\",\"logo\":{\"@type\":\"ImageObject\",\"inLanguage\":\"en-US\",\"@id\":\"https:\\\/\\\/www.radiologie-heinsberg.de\\\/#\\\/schema\\\/logo\\\/image\\\/\",\"url\":\"https:\\\/\\\/www.radiologie-heinsberg.de\\\/wp-content\\\/uploads\\\/2024\\\/01\\\/Logo-praxis-radiologie-heinsberg.jpg\",\"contentUrl\":\"https:\\\/\\\/www.radiologie-heinsberg.de\\\/wp-content\\\/uploads\\\/2024\\\/01\\\/Logo-praxis-radiologie-heinsberg.jpg\",\"width\":604,\"height\":271,\"caption\":\"Radiologie | Nuklearmedizin Heinsberg\"},\"image\":{\"@id\":\"https:\\\/\\\/www.radiologie-heinsberg.de\\\/#\\\/schema\\\/logo\\\/image\\\/\"}}]}<\/script>\n<!-- \/ Yoast SEO plugin. -->","yoast_head_json":{"title":"R\u00f6ntgendiagnostik | Radiologie | Nuklearmedizin Heinsberg","description":"R\u00f6ntgen Heinsberg \u2713 \u27a4 Erfahren Sie mehr \u00fcber unsere Untersuchungen! \u27a4 Vereinbaren Sie einen Termin bei uns!","robots":{"index":"index","follow":"follow","max-snippet":"max-snippet:-1","max-image-preview":"max-image-preview:large","max-video-preview":"max-video-preview:-1"},"canonical":"https:\/\/www.radiologie-heinsberg.de\/en\/roentgen-radiologie-heinsberg\/","og_locale":"en_US","og_type":"article","og_title":"R\u00f6ntgendiagnostik | Radiologie | Nuklearmedizin Heinsberg","og_description":"R\u00f6ntgen Heinsberg \u2713 \u27a4 Erfahren Sie mehr \u00fcber unsere Untersuchungen! \u27a4 Vereinbaren Sie einen Termin bei uns!","og_url":"https:\/\/www.radiologie-heinsberg.de\/en\/roentgen-radiologie-heinsberg\/","og_site_name":"Radiologie | Nuklearmedizin Heinsberg","article_modified_time":"2024-10-10T13:55:41+00:00","og_image":[{"width":1920,"height":1280,"url":"https:\/\/www.radiologie-heinsberg.de\/wp-content\/uploads\/2024\/08\/radiologie-heinsberg-roentgendiagnostik.jpg","type":"image\/jpeg"}],"twitter_card":"summary_large_image","twitter_misc":{"Est. reading time":"2 minutes"},"schema":{"@context":"https:\/\/schema.org","@graph":[{"@type":"WebPage","@id":"https:\/\/www.radiologie-heinsberg.de\/roentgen-radiologie-heinsberg\/","url":"https:\/\/www.radiologie-heinsberg.de\/roentgen-radiologie-heinsberg\/","name":"R\u00f6ntgendiagnostik | Radiologie | Nuklearmedizin Heinsberg","isPartOf":{"@id":"https:\/\/www.radiologie-heinsberg.de\/#website"},"primaryImageOfPage":{"@id":"https:\/\/www.radiologie-heinsberg.de\/roentgen-radiologie-heinsberg\/#primaryimage"},"image":{"@id":"https:\/\/www.radiologie-heinsberg.de\/roentgen-radiologie-heinsberg\/#primaryimage"},"thumbnailUrl":"https:\/\/www.radiologie-heinsberg.de\/wp-content\/uploads\/2024\/08\/radiologie-heinsberg-roentgendiagnostik.jpg","datePublished":"2024-01-13T15:51:37+00:00","dateModified":"2024-10-10T13:55:41+00:00","description":"R\u00f6ntgen Heinsberg \u2713 \u27a4 Erfahren Sie mehr \u00fcber unsere Untersuchungen! \u27a4 Vereinbaren Sie einen Termin bei uns!","breadcrumb":{"@id":"https:\/\/www.radiologie-heinsberg.de\/roentgen-radiologie-heinsberg\/#breadcrumb"},"inLanguage":"en-US","potentialAction":[{"@type":"ReadAction","target":["https:\/\/www.radiologie-heinsberg.de\/roentgen-radiologie-heinsberg\/"]}]},{"@type":"ImageObject","inLanguage":"en-US","@id":"https:\/\/www.radiologie-heinsberg.de\/roentgen-radiologie-heinsberg\/#primaryimage","url":"https:\/\/www.radiologie-heinsberg.de\/wp-content\/uploads\/2024\/08\/radiologie-heinsberg-roentgendiagnostik.jpg","contentUrl":"https:\/\/www.radiologie-heinsberg.de\/wp-content\/uploads\/2024\/08\/radiologie-heinsberg-roentgendiagnostik.jpg","width":1920,"height":1280},{"@type":"BreadcrumbList","@id":"https:\/\/www.radiologie-heinsberg.de\/roentgen-radiologie-heinsberg\/#breadcrumb","itemListElement":[{"@type":"ListItem","position":1,"name":"Startseite","item":"https:\/\/www.radiologie-heinsberg.de\/"},{"@type":"ListItem","position":2,"name":"R\u00f6ntgendiagnostik | Radiologie | Nuklearmedizin Heinsberg"}]},{"@type":"WebSite","@id":"https:\/\/www.radiologie-heinsberg.de\/#website","url":"https:\/\/www.radiologie-heinsberg.de\/","name":"Radiologie | Nuklearmedizin Heinsberg","description":"Gemeinschaftspraxis Heinsberg","publisher":{"@id":"https:\/\/www.radiologie-heinsberg.de\/#organization"},"potentialAction":[{"@type":"SearchAction","target":{"@type":"EntryPoint","urlTemplate":"https:\/\/www.radiologie-heinsberg.de\/?s={search_term_string}"},"query-input":{"@type":"PropertyValueSpecification","valueRequired":true,"valueName":"search_term_string"}}],"inLanguage":"en-US"},{"@type":"Organization","@id":"https:\/\/www.radiologie-heinsberg.de\/#organization","name":"Radiologie | Nuklearmedizin Heinsberg","url":"https:\/\/www.radiologie-heinsberg.de\/","logo":{"@type":"ImageObject","inLanguage":"en-US","@id":"https:\/\/www.radiologie-heinsberg.de\/#\/schema\/logo\/image\/","url":"https:\/\/www.radiologie-heinsberg.de\/wp-content\/uploads\/2024\/01\/Logo-praxis-radiologie-heinsberg.jpg","contentUrl":"https:\/\/www.radiologie-heinsberg.de\/wp-content\/uploads\/2024\/01\/Logo-praxis-radiologie-heinsberg.jpg","width":604,"height":271,"caption":"Radiologie | Nuklearmedizin Heinsberg"},"image":{"@id":"https:\/\/www.radiologie-heinsberg.de\/#\/schema\/logo\/image\/"}}]}},"_links":{"self":[{"href":"https:\/\/www.radiologie-heinsberg.de\/en\/wp-json\/wp\/v2\/pages\/7587","targetHints":{"allow":["GET"]}}],"collection":[{"href":"https:\/\/www.radiologie-heinsberg.de\/en\/wp-json\/wp\/v2\/pages"}],"about":[{"href":"https:\/\/www.radiologie-heinsberg.de\/en\/wp-json\/wp\/v2\/types\/page"}],"author":[{"embeddable":true,"href":"https:\/\/www.radiologie-heinsberg.de\/en\/wp-json\/wp\/v2\/users\/3"}],"replies":[{"embeddable":true,"href":"https:\/\/www.radiologie-heinsberg.de\/en\/wp-json\/wp\/v2\/comments?post=7587"}],"version-history":[{"count":0,"href":"https:\/\/www.radiologie-heinsberg.de\/en\/wp-json\/wp\/v2\/pages\/7587\/revisions"}],"wp:featuredmedia":[{"embeddable":true,"href":"https:\/\/www.radiologie-heinsberg.de\/en\/wp-json\/wp\/v2\/media\/11851"}],"wp:attachment":[{"href":"https:\/\/www.radiologie-heinsberg.de\/en\/wp-json\/wp\/v2\/media?parent=7587"}],"curies":[{"name":"wp","href":"https:\/\/api.w.org\/{rel}","templated":true}]}}