{"id":7589,"date":"2024-01-13T16:52:25","date_gmt":"2024-01-13T15:52:25","guid":{"rendered":"https:\/\/www.radiologie-heinsberg.de\/?page_id=7589"},"modified":"2024-09-30T07:10:30","modified_gmt":"2024-09-30T05:10:30","slug":"knochendichtemessung-radiologie-heinsberg","status":"publish","type":"page","link":"https:\/\/www.radiologie-heinsberg.de\/en\/knochendichtemessung-radiologie-heinsberg\/","title":{"rendered":"Knochendichtemessung DEXA | Radiologie | Nuklearmedizin Heinsberg"},"content":{"rendered":"<div data-elementor-type=\"wp-page\" data-elementor-id=\"7589\" class=\"elementor elementor-7589\" data-elementor-post-type=\"page\">\n\t\t\t\t<div class=\"elementor-element elementor-element-675df096 e-flex e-con-boxed e-con e-parent\" data-id=\"675df096\" data-element_type=\"container\" data-e-type=\"container\">\n\t\t\t\t\t<div class=\"e-con-inner\">\n\t\t\t\t<div class=\"elementor-element elementor-element-313d8f9 animated-slow elementor-invisible elementor-widget elementor-widget-heading\" data-id=\"313d8f9\" data-element_type=\"widget\" data-e-type=\"widget\" data-settings=\"{&quot;_animation&quot;:&quot;fadeIn&quot;}\" data-widget_type=\"heading.default\">\n\t\t\t\t<div class=\"elementor-widget-container\">\n\t\t\t\t\t<h1 class=\"elementor-heading-title elementor-size-default translation-block\">DEXA bone density measurement<\/h1>\t\t\t\t<\/div>\n\t\t\t\t<\/div>\n\t\t\t\t<div class=\"elementor-element elementor-element-5b9815ca listenpunkte elementor-widget elementor-widget-text-editor\" data-id=\"5b9815ca\" data-element_type=\"widget\" data-e-type=\"widget\" data-widget_type=\"text-editor.default\">\n\t\t\t\t<div class=\"elementor-widget-container\">\n\t\t\t\t\t\t\t\t\t<p class=\"translation-block\">In our radiology department in Heinsberg, we offer the only recognised and reliable technique for determining bone density. <br>\nWith advancing age, there is naturally a decrease in bone mass and therefore also in bone density. We use Dual Energy X-Ray Absorptiometry (DEXA) to recognise the risk of bone fractures at an early stage, particularly in people with reduced bone density.<\/p><p>The DEXA technique, also known as osteodensitometry, DXA or DPX, is a medical-technical procedure for determining bone density or the calcium salt content of bones. This procedure, which is recommended by medical associations worldwide, is considered the most reliable for assessing bone strength and fracture risk.<\/p><p>Bone density measurement using DEXA is a fast, precise and non-invasive diagnostic tool for detecting osteoporosis and osteopenia (reduction in bone density before osteoporosis occurs).<\/p>\t\t\t\t\t\t\t\t<\/div>\n\t\t\t\t<\/div>\n\t\t\t\t<div class=\"elementor-element elementor-element-526b95e9 elementor-widget elementor-widget-heading\" data-id=\"526b95e9\" data-element_type=\"widget\" data-e-type=\"widget\" data-widget_type=\"heading.default\">\n\t\t\t\t<div class=\"elementor-widget-container\">\n\t\t\t\t\t<h2 class=\"elementor-heading-title elementor-size-default\">DEXA bone density measurement<br> ALL INFORMATION AT A GLANCE<\/h2>\t\t\t\t<\/div>\n\t\t\t\t<\/div>\n\t\t<div class=\"elementor-element elementor-element-df94eab e-flex e-con-boxed e-con e-child\" data-id=\"df94eab\" data-element_type=\"container\" data-e-type=\"container\">\n\t\t\t\t\t<div class=\"e-con-inner\">\n\t\t<div class=\"elementor-element elementor-element-de65578 e-flex e-con-boxed e-con e-child\" data-id=\"de65578\" data-element_type=\"container\" data-e-type=\"container\" data-settings=\"{&quot;background_background&quot;:&quot;classic&quot;}\">\n\t\t\t\t\t<div class=\"e-con-inner\">\n\t\t<div class=\"elementor-element elementor-element-28741b28 e-flex e-con-boxed e-con e-child\" data-id=\"28741b28\" data-element_type=\"container\" data-e-type=\"container\" data-settings=\"{&quot;background_background&quot;:&quot;classic&quot;}\">\n\t\t\t\t\t<div class=\"e-con-inner\">\n\t\t<div class=\"elementor-element elementor-element-762ac7d6 e-flex e-con-boxed e-con e-child\" data-id=\"762ac7d6\" data-element_type=\"container\" data-e-type=\"container\" data-settings=\"{&quot;background_background&quot;:&quot;classic&quot;}\">\n\t\t\t\t\t<div class=\"e-con-inner\">\n\t\t<div class=\"elementor-element elementor-element-a9b616b e-flex e-con-boxed e-con e-child\" data-id=\"a9b616b\" data-element_type=\"container\" data-e-type=\"container\">\n\t\t\t\t\t<div class=\"e-con-inner\">\n\t\t\t\t<div class=\"elementor-element elementor-element-167c534d elementor-widget__width-initial elementor-widget elementor-widget-text-editor\" data-id=\"167c534d\" data-element_type=\"widget\" data-e-type=\"widget\" data-widget_type=\"text-editor.default\">\n\t\t\t\t<div class=\"elementor-widget-container\">\n\t\t\t\t\t\t\t\t\t<p><strong>Technology<\/strong><\/p>\t\t\t\t\t\t\t\t<\/div>\n\t\t\t\t<\/div>\n\t\t\t\t<div class=\"elementor-element elementor-element-5c5824ce elementor-widget elementor-widget-text-editor\" data-id=\"5c5824ce\" data-element_type=\"widget\" data-e-type=\"widget\" data-widget_type=\"text-editor.default\">\n\t\t\t\t<div class=\"elementor-widget-container\">\n\t\t\t\t\t\t\t\t\tDiagnostic X-ray procedure using different X-ray energy levels. Imaging of the femoral neck and lumbar spine.\nComputer-aided evaluation.\t\t\t\t\t\t\t\t<\/div>\n\t\t\t\t<\/div>\n\t\t\t\t\t<\/div>\n\t\t\t\t<\/div>\n\t\t<div class=\"elementor-element elementor-element-6def8626 e-flex e-con-boxed e-con e-child\" data-id=\"6def8626\" data-element_type=\"container\" data-e-type=\"container\">\n\t\t\t\t\t<div class=\"e-con-inner\">\n\t\t\t\t<div class=\"elementor-element elementor-element-102d18e5 elementor-widget__width-initial elementor-widget elementor-widget-text-editor\" data-id=\"102d18e5\" data-element_type=\"widget\" data-e-type=\"widget\" data-widget_type=\"text-editor.default\">\n\t\t\t\t<div class=\"elementor-widget-container\">\n\t\t\t\t\t\t\t\t\t<p>Safety<\/p>\t\t\t\t\t\t\t\t<\/div>\n\t\t\t\t<\/div>\n\t\t\t\t<div class=\"elementor-element elementor-element-3693c70e elementor-widget elementor-widget-text-editor\" data-id=\"3693c70e\" data-element_type=\"widget\" data-e-type=\"widget\" data-widget_type=\"text-editor.default\">\n\t\t\t\t<div class=\"elementor-widget-container\">\n\t\t\t\t\t\t\t\t\tLow radiation dose compared to standard X-rays.\nAreas of application\t\t\t\t\t\t\t\t<\/div>\n\t\t\t\t<\/div>\n\t\t\t\t\t<\/div>\n\t\t\t\t<\/div>\n\t\t<div class=\"elementor-element elementor-element-5ff77743 e-flex e-con-boxed e-con e-child\" data-id=\"5ff77743\" data-element_type=\"container\" data-e-type=\"container\">\n\t\t\t\t\t<div class=\"e-con-inner\">\n\t\t\t\t<div class=\"elementor-element elementor-element-1ef5bd78 elementor-widget__width-initial elementor-widget elementor-widget-text-editor\" data-id=\"1ef5bd78\" data-element_type=\"widget\" data-e-type=\"widget\" data-widget_type=\"text-editor.default\">\n\t\t\t\t<div class=\"elementor-widget-container\">\n\t\t\t\t\t\t\t\t\t<p>Areas of application<\/p>\t\t\t\t\t\t\t\t<\/div>\n\t\t\t\t<\/div>\n\t\t\t\t<div class=\"elementor-element elementor-element-360339c1 elementor-widget elementor-widget-text-editor\" data-id=\"360339c1\" data-element_type=\"widget\" data-e-type=\"widget\" data-widget_type=\"text-editor.default\">\n\t\t\t\t<div class=\"elementor-widget-container\">\n\t\t\t\t\t\t\t\t\tGold standard for detecting, monitoring the progress and treatment of osteoporosis and osteopenia.\t\t\t\t\t\t\t\t<\/div>\n\t\t\t\t<\/div>\n\t\t\t\t\t<\/div>\n\t\t\t\t<\/div>\n\t\t<div class=\"elementor-element elementor-element-66ab22ac e-flex e-con-boxed e-con e-child\" data-id=\"66ab22ac\" data-element_type=\"container\" data-e-type=\"container\">\n\t\t\t\t\t<div class=\"e-con-inner\">\n\t\t\t\t<div class=\"elementor-element elementor-element-6b098025 elementor-widget__width-initial elementor-widget elementor-widget-text-editor\" data-id=\"6b098025\" data-element_type=\"widget\" data-e-type=\"widget\" data-widget_type=\"text-editor.default\">\n\t\t\t\t<div class=\"elementor-widget-container\">\n\t\t\t\t\t\t\t\t\t<p>Image quality<\/p>\t\t\t\t\t\t\t\t<\/div>\n\t\t\t\t<\/div>\n\t\t\t\t<div class=\"elementor-element elementor-element-494c1934 elementor-widget elementor-widget-text-editor\" data-id=\"494c1934\" data-element_type=\"widget\" data-e-type=\"widget\" data-widget_type=\"text-editor.default\">\n\t\t\t\t<div class=\"elementor-widget-container\">\n\t\t\t\t\t\t\t\t\tProvides quantifiable, reproducible data on bone density and thus for risk assessment for bone fractures.\t\t\t\t\t\t\t\t<\/div>\n\t\t\t\t<\/div>\n\t\t\t\t\t<\/div>\n\t\t\t\t<\/div>\n\t\t<div class=\"elementor-element elementor-element-3804423a e-flex e-con-boxed e-con e-child\" data-id=\"3804423a\" data-element_type=\"container\" data-e-type=\"container\">\n\t\t\t\t\t<div class=\"e-con-inner\">\n\t\t\t\t<div class=\"elementor-element elementor-element-7cc03ff4 elementor-widget__width-initial elementor-widget elementor-widget-text-editor\" data-id=\"7cc03ff4\" data-element_type=\"widget\" data-e-type=\"widget\" data-widget_type=\"text-editor.default\">\n\t\t\t\t<div class=\"elementor-widget-container\">\n\t\t\t\t\t\t\t\t\t<p>Patient comfort<\/p>\t\t\t\t\t\t\t\t<\/div>\n\t\t\t\t<\/div>\n\t\t\t\t<div class=\"elementor-element elementor-element-57828f71 elementor-widget elementor-widget-text-editor\" data-id=\"57828f71\" data-element_type=\"widget\" data-e-type=\"widget\" data-widget_type=\"text-editor.default\">\n\t\t\t\t<div class=\"elementor-widget-container\">\n\t\t\t\t\t\t\t\t\tThe examination is quick and painless. You lie comfortably on your back. The examination and analysis only take a few minutes. You will be informed of the results immediately afterwards.\t\t\t\t\t\t\t\t<\/div>\n\t\t\t\t<\/div>\n\t\t\t\t\t<\/div>\n\t\t\t\t<\/div>\n\t\t\t\t\t<\/div>\n\t\t\t\t<\/div>\n\t\t\t\t\t<\/div>\n\t\t\t\t<\/div>\n\t\t\t\t\t<\/div>\n\t\t\t\t<\/div>\n\t\t\t\t\t<\/div>\n\t\t\t\t<\/div>\n\t\t\t\t\t<\/div>\n\t\t\t\t<\/div>\n\t\t<div class=\"elementor-element elementor-element-47112c57 e-flex e-con-boxed e-con e-parent\" data-id=\"47112c57\" data-element_type=\"container\" data-e-type=\"container\">\n\t\t\t\t\t<div class=\"e-con-inner\">\n\t\t<div class=\"elementor-element elementor-element-c2a4f23 e-flex e-con-boxed e-con e-child\" data-id=\"c2a4f23\" data-element_type=\"container\" data-e-type=\"container\">\n\t\t\t\t\t<div class=\"e-con-inner\">\n\t\t\t\t<div class=\"elementor-element elementor-element-f44848e elementor-widget elementor-widget-heading\" data-id=\"f44848e\" data-element_type=\"widget\" data-e-type=\"widget\" data-widget_type=\"heading.default\">\n\t\t\t\t<div class=\"elementor-widget-container\">\n\t\t\t\t\t<h2 class=\"elementor-heading-title elementor-size-default\">Procedure<\/h2>\t\t\t\t<\/div>\n\t\t\t\t<\/div>\n\t\t\t\t<div class=\"elementor-element elementor-element-4f2f6ae listenpunkte elementor-widget elementor-widget-text-editor\" data-id=\"4f2f6ae\" data-element_type=\"widget\" data-e-type=\"widget\" data-widget_type=\"text-editor.default\">\n\t\t\t\t<div class=\"elementor-widget-container\">\n\t\t\t\t\t\t\t\t\t<h3><strong><span style=\"color: var( --e-global-color-primary );\">Before examination<\/span><\/strong><\/h3>\n<div>You will receive a medical history form. Please answer the questions carefully. Based on the answers, we can better assess the fracture risk together with the measurement.<\/div>\n<div><\/div>\n<ul>\n \t<li><strong>Medication:<\/strong><\/li>\n<\/ul>\n<div>Inform our medical staff about any medication and dietary supplements you are taking, as some substances can affect bone density.<\/div>\t\t\t\t\t\t\t\t<\/div>\n\t\t\t\t<\/div>\n\t\t\t\t<div class=\"elementor-element elementor-element-d0bbda3 listenpunkte elementor-widget elementor-widget-text-editor\" data-id=\"d0bbda3\" data-element_type=\"widget\" data-e-type=\"widget\" data-widget_type=\"text-editor.default\">\n\t\t\t\t<div class=\"elementor-widget-container\">\n\t\t\t\t\t\t\t\t\t<h3><strong>During the examination<br>The following points must be observed during the bone density measurement using DEXA:<\/strong><\/h3>\n<ul>\n \t<li><strong>Instructions<\/strong><\/li>\n<\/ul>\nWe try to make the examination as pleasant as possible for you, but we need your co-operation to produce the best possible images. You will receive instructions and support from our staff for this purpose. Please follow these instructions as closely as possible to ensure the best possible quality of the images and to avoid repeat images.\n<ul>\n \t<li><strong>Positioning:<\/strong><\/li>\n<\/ul>\nYou will lie on a comfortable examination couch. The part of the body to be examined - usually the hip and\/or spine - will be positioned correctly to ensure accurate measurements.\n<ul>\n \t<li><strong>Keep still:<\/strong><\/li>\n<\/ul>\nIt is important to lie still during the measurement in order to obtain clear and precise images.\n<ul>\n \t<li><strong>Short duration:<\/strong><\/li>\n<\/ul>\nThe measurement only takes a few minutes.\t\t\t\t\t\t\t\t<\/div>\n\t\t\t\t<\/div>\n\t\t\t\t\t<\/div>\n\t\t\t\t<\/div>\n\t\t\t\t\t<\/div>\n\t\t\t\t<\/div>\n\t\t\t\t<\/div>","protected":false},"excerpt":{"rendered":"<p>Knochendichte&shy;messung(DEXA) In unserer Praxisgemeinschaft Radiologie | Nuklearmedizin in Heinsberg bieten wir die einzig anerkannte und verl\u00e4ssliche Technik zur Knochendichtebestimmung an.Mit fortschreitendem Alter kommt es zu einer nat\u00fcrlichen Abnahme der Knochenmasse und damit auch der Knochendichte. Um das Risiko f\u00fcr Knochenbr\u00fcche, insbesondere bei Personen mit verminderter Knochendichte, fr\u00fchzeitig zu erkennen, setzen wir die \u201eDual Energy X-Ray [&hellip;]<\/p>\n","protected":false},"author":3,"featured_media":11847,"parent":0,"menu_order":0,"comment_status":"closed","ping_status":"closed","template":"","meta":{"footnotes":""},"class_list":["post-7589","page","type-page","status-publish","has-post-thumbnail","hentry"],"yoast_head":"<!-- This site is optimized with the Yoast SEO plugin v27.5 - https:\/\/yoast.com\/product\/yoast-seo-wordpress\/ -->\n<title>Knochendichtemessung DEXA | Radiologie | Nuklearmedizin Heinsberg<\/title>\n<meta name=\"description\" content=\"Knochendichtemessung in Heinsberg \u2713 \u27a4 Erfahren Sie mehr \u00fcber unsere Untersuchungen! \u27a4 Vereinbaren Sie einen Termin bei uns!\" \/>\n<meta name=\"robots\" content=\"index, follow, max-snippet:-1, max-image-preview:large, max-video-preview:-1\" \/>\n<link rel=\"canonical\" href=\"https:\/\/www.radiologie-heinsberg.de\/en\/knochendichtemessung-radiologie-heinsberg\/\" \/>\n<meta property=\"og:locale\" content=\"en_US\" \/>\n<meta property=\"og:type\" content=\"article\" \/>\n<meta property=\"og:title\" content=\"Knochendichtemessung DEXA | Radiologie | Nuklearmedizin Heinsberg\" \/>\n<meta property=\"og:description\" content=\"Knochendichtemessung in Heinsberg \u2713 \u27a4 Erfahren Sie mehr \u00fcber unsere Untersuchungen! \u27a4 Vereinbaren Sie einen Termin bei uns!\" \/>\n<meta property=\"og:url\" content=\"https:\/\/www.radiologie-heinsberg.de\/en\/knochendichtemessung-radiologie-heinsberg\/\" \/>\n<meta property=\"og:site_name\" content=\"Radiologie | Nuklearmedizin Heinsberg\" \/>\n<meta property=\"article:modified_time\" content=\"2024-09-30T05:10:30+00:00\" \/>\n<meta property=\"og:image\" content=\"https:\/\/www.radiologie-heinsberg.de\/wp-content\/uploads\/2024\/08\/radiologie-heinsberg-dexa-knochenmessung.jpg\" \/>\n\t<meta property=\"og:image:width\" content=\"1920\" \/>\n\t<meta property=\"og:image:height\" content=\"1280\" \/>\n\t<meta property=\"og:image:type\" content=\"image\/jpeg\" \/>\n<meta name=\"twitter:card\" content=\"summary_large_image\" \/>\n<meta name=\"twitter:label1\" content=\"Est. reading time\" \/>\n\t<meta name=\"twitter:data1\" content=\"2 minutes\" \/>\n<script type=\"application\/ld+json\" class=\"yoast-schema-graph\">{\"@context\":\"https:\\\/\\\/schema.org\",\"@graph\":[{\"@type\":\"WebPage\",\"@id\":\"https:\\\/\\\/www.radiologie-heinsberg.de\\\/knochendichtemessung-radiologie-heinsberg\\\/\",\"url\":\"https:\\\/\\\/www.radiologie-heinsberg.de\\\/knochendichtemessung-radiologie-heinsberg\\\/\",\"name\":\"Knochendichtemessung DEXA | Radiologie | Nuklearmedizin Heinsberg\",\"isPartOf\":{\"@id\":\"https:\\\/\\\/www.radiologie-heinsberg.de\\\/#website\"},\"primaryImageOfPage\":{\"@id\":\"https:\\\/\\\/www.radiologie-heinsberg.de\\\/knochendichtemessung-radiologie-heinsberg\\\/#primaryimage\"},\"image\":{\"@id\":\"https:\\\/\\\/www.radiologie-heinsberg.de\\\/knochendichtemessung-radiologie-heinsberg\\\/#primaryimage\"},\"thumbnailUrl\":\"https:\\\/\\\/www.radiologie-heinsberg.de\\\/wp-content\\\/uploads\\\/2024\\\/08\\\/radiologie-heinsberg-dexa-knochenmessung.jpg\",\"datePublished\":\"2024-01-13T15:52:25+00:00\",\"dateModified\":\"2024-09-30T05:10:30+00:00\",\"description\":\"Knochendichtemessung in Heinsberg \u2713 \u27a4 Erfahren Sie mehr \u00fcber unsere Untersuchungen! \u27a4 Vereinbaren Sie einen Termin bei uns!\",\"breadcrumb\":{\"@id\":\"https:\\\/\\\/www.radiologie-heinsberg.de\\\/knochendichtemessung-radiologie-heinsberg\\\/#breadcrumb\"},\"inLanguage\":\"en-US\",\"potentialAction\":[{\"@type\":\"ReadAction\",\"target\":[\"https:\\\/\\\/www.radiologie-heinsberg.de\\\/knochendichtemessung-radiologie-heinsberg\\\/\"]}]},{\"@type\":\"ImageObject\",\"inLanguage\":\"en-US\",\"@id\":\"https:\\\/\\\/www.radiologie-heinsberg.de\\\/knochendichtemessung-radiologie-heinsberg\\\/#primaryimage\",\"url\":\"https:\\\/\\\/www.radiologie-heinsberg.de\\\/wp-content\\\/uploads\\\/2024\\\/08\\\/radiologie-heinsberg-dexa-knochenmessung.jpg\",\"contentUrl\":\"https:\\\/\\\/www.radiologie-heinsberg.de\\\/wp-content\\\/uploads\\\/2024\\\/08\\\/radiologie-heinsberg-dexa-knochenmessung.jpg\",\"width\":1920,\"height\":1280},{\"@type\":\"BreadcrumbList\",\"@id\":\"https:\\\/\\\/www.radiologie-heinsberg.de\\\/knochendichtemessung-radiologie-heinsberg\\\/#breadcrumb\",\"itemListElement\":[{\"@type\":\"ListItem\",\"position\":1,\"name\":\"Startseite\",\"item\":\"https:\\\/\\\/www.radiologie-heinsberg.de\\\/\"},{\"@type\":\"ListItem\",\"position\":2,\"name\":\"Knochendichtemessung DEXA | Radiologie | Nuklearmedizin Heinsberg\"}]},{\"@type\":\"WebSite\",\"@id\":\"https:\\\/\\\/www.radiologie-heinsberg.de\\\/#website\",\"url\":\"https:\\\/\\\/www.radiologie-heinsberg.de\\\/\",\"name\":\"Radiologie | Nuklearmedizin Heinsberg\",\"description\":\"Gemeinschaftspraxis Heinsberg\",\"publisher\":{\"@id\":\"https:\\\/\\\/www.radiologie-heinsberg.de\\\/#organization\"},\"potentialAction\":[{\"@type\":\"SearchAction\",\"target\":{\"@type\":\"EntryPoint\",\"urlTemplate\":\"https:\\\/\\\/www.radiologie-heinsberg.de\\\/?s={search_term_string}\"},\"query-input\":{\"@type\":\"PropertyValueSpecification\",\"valueRequired\":true,\"valueName\":\"search_term_string\"}}],\"inLanguage\":\"en-US\"},{\"@type\":\"Organization\",\"@id\":\"https:\\\/\\\/www.radiologie-heinsberg.de\\\/#organization\",\"name\":\"Radiologie | Nuklearmedizin Heinsberg\",\"url\":\"https:\\\/\\\/www.radiologie-heinsberg.de\\\/\",\"logo\":{\"@type\":\"ImageObject\",\"inLanguage\":\"en-US\",\"@id\":\"https:\\\/\\\/www.radiologie-heinsberg.de\\\/#\\\/schema\\\/logo\\\/image\\\/\",\"url\":\"https:\\\/\\\/www.radiologie-heinsberg.de\\\/wp-content\\\/uploads\\\/2024\\\/01\\\/Logo-praxis-radiologie-heinsberg.jpg\",\"contentUrl\":\"https:\\\/\\\/www.radiologie-heinsberg.de\\\/wp-content\\\/uploads\\\/2024\\\/01\\\/Logo-praxis-radiologie-heinsberg.jpg\",\"width\":604,\"height\":271,\"caption\":\"Radiologie | Nuklearmedizin Heinsberg\"},\"image\":{\"@id\":\"https:\\\/\\\/www.radiologie-heinsberg.de\\\/#\\\/schema\\\/logo\\\/image\\\/\"}}]}<\/script>\n<!-- \/ Yoast SEO plugin. -->","yoast_head_json":{"title":"Knochendichtemessung DEXA | Radiologie | Nuklearmedizin Heinsberg","description":"Knochendichtemessung in Heinsberg \u2713 \u27a4 Erfahren Sie mehr \u00fcber unsere Untersuchungen! \u27a4 Vereinbaren Sie einen Termin bei uns!","robots":{"index":"index","follow":"follow","max-snippet":"max-snippet:-1","max-image-preview":"max-image-preview:large","max-video-preview":"max-video-preview:-1"},"canonical":"https:\/\/www.radiologie-heinsberg.de\/en\/knochendichtemessung-radiologie-heinsberg\/","og_locale":"en_US","og_type":"article","og_title":"Knochendichtemessung DEXA | Radiologie | Nuklearmedizin Heinsberg","og_description":"Knochendichtemessung in Heinsberg \u2713 \u27a4 Erfahren Sie mehr \u00fcber unsere Untersuchungen! \u27a4 Vereinbaren Sie einen Termin bei uns!","og_url":"https:\/\/www.radiologie-heinsberg.de\/en\/knochendichtemessung-radiologie-heinsberg\/","og_site_name":"Radiologie | Nuklearmedizin Heinsberg","article_modified_time":"2024-09-30T05:10:30+00:00","og_image":[{"width":1920,"height":1280,"url":"https:\/\/www.radiologie-heinsberg.de\/wp-content\/uploads\/2024\/08\/radiologie-heinsberg-dexa-knochenmessung.jpg","type":"image\/jpeg"}],"twitter_card":"summary_large_image","twitter_misc":{"Est. reading time":"2 minutes"},"schema":{"@context":"https:\/\/schema.org","@graph":[{"@type":"WebPage","@id":"https:\/\/www.radiologie-heinsberg.de\/knochendichtemessung-radiologie-heinsberg\/","url":"https:\/\/www.radiologie-heinsberg.de\/knochendichtemessung-radiologie-heinsberg\/","name":"Knochendichtemessung DEXA | Radiologie | Nuklearmedizin Heinsberg","isPartOf":{"@id":"https:\/\/www.radiologie-heinsberg.de\/#website"},"primaryImageOfPage":{"@id":"https:\/\/www.radiologie-heinsberg.de\/knochendichtemessung-radiologie-heinsberg\/#primaryimage"},"image":{"@id":"https:\/\/www.radiologie-heinsberg.de\/knochendichtemessung-radiologie-heinsberg\/#primaryimage"},"thumbnailUrl":"https:\/\/www.radiologie-heinsberg.de\/wp-content\/uploads\/2024\/08\/radiologie-heinsberg-dexa-knochenmessung.jpg","datePublished":"2024-01-13T15:52:25+00:00","dateModified":"2024-09-30T05:10:30+00:00","description":"Knochendichtemessung in Heinsberg \u2713 \u27a4 Erfahren Sie mehr \u00fcber unsere Untersuchungen! \u27a4 Vereinbaren Sie einen Termin bei uns!","breadcrumb":{"@id":"https:\/\/www.radiologie-heinsberg.de\/knochendichtemessung-radiologie-heinsberg\/#breadcrumb"},"inLanguage":"en-US","potentialAction":[{"@type":"ReadAction","target":["https:\/\/www.radiologie-heinsberg.de\/knochendichtemessung-radiologie-heinsberg\/"]}]},{"@type":"ImageObject","inLanguage":"en-US","@id":"https:\/\/www.radiologie-heinsberg.de\/knochendichtemessung-radiologie-heinsberg\/#primaryimage","url":"https:\/\/www.radiologie-heinsberg.de\/wp-content\/uploads\/2024\/08\/radiologie-heinsberg-dexa-knochenmessung.jpg","contentUrl":"https:\/\/www.radiologie-heinsberg.de\/wp-content\/uploads\/2024\/08\/radiologie-heinsberg-dexa-knochenmessung.jpg","width":1920,"height":1280},{"@type":"BreadcrumbList","@id":"https:\/\/www.radiologie-heinsberg.de\/knochendichtemessung-radiologie-heinsberg\/#breadcrumb","itemListElement":[{"@type":"ListItem","position":1,"name":"Startseite","item":"https:\/\/www.radiologie-heinsberg.de\/"},{"@type":"ListItem","position":2,"name":"Knochendichtemessung DEXA | Radiologie | Nuklearmedizin Heinsberg"}]},{"@type":"WebSite","@id":"https:\/\/www.radiologie-heinsberg.de\/#website","url":"https:\/\/www.radiologie-heinsberg.de\/","name":"Radiologie | Nuklearmedizin Heinsberg","description":"Gemeinschaftspraxis Heinsberg","publisher":{"@id":"https:\/\/www.radiologie-heinsberg.de\/#organization"},"potentialAction":[{"@type":"SearchAction","target":{"@type":"EntryPoint","urlTemplate":"https:\/\/www.radiologie-heinsberg.de\/?s={search_term_string}"},"query-input":{"@type":"PropertyValueSpecification","valueRequired":true,"valueName":"search_term_string"}}],"inLanguage":"en-US"},{"@type":"Organization","@id":"https:\/\/www.radiologie-heinsberg.de\/#organization","name":"Radiologie | Nuklearmedizin Heinsberg","url":"https:\/\/www.radiologie-heinsberg.de\/","logo":{"@type":"ImageObject","inLanguage":"en-US","@id":"https:\/\/www.radiologie-heinsberg.de\/#\/schema\/logo\/image\/","url":"https:\/\/www.radiologie-heinsberg.de\/wp-content\/uploads\/2024\/01\/Logo-praxis-radiologie-heinsberg.jpg","contentUrl":"https:\/\/www.radiologie-heinsberg.de\/wp-content\/uploads\/2024\/01\/Logo-praxis-radiologie-heinsberg.jpg","width":604,"height":271,"caption":"Radiologie | Nuklearmedizin Heinsberg"},"image":{"@id":"https:\/\/www.radiologie-heinsberg.de\/#\/schema\/logo\/image\/"}}]}},"_links":{"self":[{"href":"https:\/\/www.radiologie-heinsberg.de\/en\/wp-json\/wp\/v2\/pages\/7589","targetHints":{"allow":["GET"]}}],"collection":[{"href":"https:\/\/www.radiologie-heinsberg.de\/en\/wp-json\/wp\/v2\/pages"}],"about":[{"href":"https:\/\/www.radiologie-heinsberg.de\/en\/wp-json\/wp\/v2\/types\/page"}],"author":[{"embeddable":true,"href":"https:\/\/www.radiologie-heinsberg.de\/en\/wp-json\/wp\/v2\/users\/3"}],"replies":[{"embeddable":true,"href":"https:\/\/www.radiologie-heinsberg.de\/en\/wp-json\/wp\/v2\/comments?post=7589"}],"version-history":[{"count":0,"href":"https:\/\/www.radiologie-heinsberg.de\/en\/wp-json\/wp\/v2\/pages\/7589\/revisions"}],"wp:featuredmedia":[{"embeddable":true,"href":"https:\/\/www.radiologie-heinsberg.de\/en\/wp-json\/wp\/v2\/media\/11847"}],"wp:attachment":[{"href":"https:\/\/www.radiologie-heinsberg.de\/en\/wp-json\/wp\/v2\/media?parent=7589"}],"curies":[{"name":"wp","href":"https:\/\/api.w.org\/{rel}","templated":true}]}}