{"id":9031,"date":"2024-01-23T22:18:18","date_gmt":"2024-01-23T21:18:18","guid":{"rendered":"https:\/\/www.radiologie-heinsberg.de\/?page_id=9031"},"modified":"2024-07-03T22:28:26","modified_gmt":"2024-07-03T20:28:26","slug":"skelettszintigraphie-radiologie-heinsberg","status":"publish","type":"page","link":"https:\/\/www.radiologie-heinsberg.de\/en\/skelettszintigraphie-radiologie-heinsberg\/","title":{"rendered":"Skelettszintigraphie | Radiologie | Nuklearmedizin Heinsberg"},"content":{"rendered":"<div data-elementor-type=\"wp-page\" data-elementor-id=\"9031\" class=\"elementor elementor-9031\" data-elementor-post-type=\"page\">\n\t\t\t\t<div class=\"elementor-element elementor-element-15ad9dbf e-flex e-con-boxed e-con e-parent\" data-id=\"15ad9dbf\" data-element_type=\"container\" data-e-type=\"container\">\n\t\t\t\t\t<div class=\"e-con-inner\">\n\t\t\t\t<div class=\"elementor-element elementor-element-34d5e641 animated-slow elementor-invisible elementor-widget elementor-widget-heading\" data-id=\"34d5e641\" data-element_type=\"widget\" data-e-type=\"widget\" data-settings=\"{&quot;_animation&quot;:&quot;fadeIn&quot;}\" data-widget_type=\"heading.default\">\n\t\t\t\t<div class=\"elementor-widget-container\">\n\t\t\t\t\t<h1 class=\"elementor-heading-title elementor-size-default\">Skeletal scintigraphy <\/h1>\t\t\t\t<\/div>\n\t\t\t\t<\/div>\n\t\t\t\t<div class=\"elementor-element elementor-element-1ae61c43 listenpunkte elementor-widget elementor-widget-text-editor\" data-id=\"1ae61c43\" data-element_type=\"widget\" data-e-type=\"widget\" data-widget_type=\"text-editor.default\">\n\t\t\t\t<div class=\"elementor-widget-container\">\n\t\t\t\t\t\t\t\t\t<p>Many diseases affect the bones and joints of the body. This method can be used to detect inflammatory, infectious, degenerative and malignant changes in the bones, often before a bone change can be detected on an X-ray. The examination takes approx. 4 hours. If possible, antibiotic or cortisone therapy should be avoided before this examination begins.<\/p>\t\t\t\t\t\t\t\t<\/div>\n\t\t\t\t<\/div>\n\t\t\t\t\t<\/div>\n\t\t\t\t<\/div>\n\t\t\t\t<\/div>","protected":false},"excerpt":{"rendered":"<p>Skelettszinti&shy;graphie Viele Erkrankungen betreffen die Knochen und Gelenke des K\u00f6rpers. Mit dieser Methode k\u00f6nnen inflammatorische, infekti\u00f6se, degenerative sowie maligne Ver\u00e4nderungen an den Knochen festgestellt werden, oftmals noch bevor eine Knochenver\u00e4nderung im R\u00f6ntgenbild nachzuweisen ist. Die Untersuchungsdauer betr\u00e4gt ca. 4 Std. Wenn m\u00f6glich, sollte eine Antibiotikatherapie oder Kortisontherapie vor Beginn dieser Untersuchung unterbleiben.<\/p>","protected":false},"author":3,"featured_media":0,"parent":0,"menu_order":0,"comment_status":"closed","ping_status":"closed","template":"","meta":{"footnotes":""},"class_list":["post-9031","page","type-page","status-publish","hentry"],"yoast_head":"<!-- This site is optimized with the Yoast SEO plugin v27.5 - https:\/\/yoast.com\/product\/yoast-seo-wordpress\/ -->\n<title>Skelettszintigraphie | Radiologie | Nuklearmedizin Heinsberg<\/title>\n<meta name=\"description\" content=\"Skelettszintigraphie Heinsberg \u2713 \u27a4 Erfahren Sie mehr \u00fcber unsere Untersuchungen! \u27a4 Vereinbaren Sie einen Termin bei uns!\" \/>\n<meta name=\"robots\" content=\"index, follow, max-snippet:-1, max-image-preview:large, max-video-preview:-1\" \/>\n<link rel=\"canonical\" href=\"https:\/\/www.radiologie-heinsberg.de\/en\/skelettszintigraphie-radiologie-heinsberg\/\" \/>\n<meta property=\"og:locale\" content=\"en_US\" \/>\n<meta property=\"og:type\" content=\"article\" \/>\n<meta property=\"og:title\" content=\"Skelettszintigraphie | Radiologie | Nuklearmedizin Heinsberg\" \/>\n<meta property=\"og:description\" content=\"Skelettszintigraphie Heinsberg \u2713 \u27a4 Erfahren Sie mehr \u00fcber unsere Untersuchungen! \u27a4 Vereinbaren Sie einen Termin bei uns!\" \/>\n<meta property=\"og:url\" content=\"https:\/\/www.radiologie-heinsberg.de\/en\/skelettszintigraphie-radiologie-heinsberg\/\" \/>\n<meta property=\"og:site_name\" content=\"Radiologie | Nuklearmedizin Heinsberg\" \/>\n<meta property=\"article:modified_time\" content=\"2024-07-03T20:28:26+00:00\" \/>\n<meta name=\"twitter:card\" content=\"summary_large_image\" \/>\n<script type=\"application\/ld+json\" class=\"yoast-schema-graph\">{\"@context\":\"https:\\\/\\\/schema.org\",\"@graph\":[{\"@type\":\"WebPage\",\"@id\":\"https:\\\/\\\/www.radiologie-heinsberg.de\\\/skelettszintigraphie-radiologie-heinsberg\\\/\",\"url\":\"https:\\\/\\\/www.radiologie-heinsberg.de\\\/skelettszintigraphie-radiologie-heinsberg\\\/\",\"name\":\"Skelettszintigraphie | Radiologie | Nuklearmedizin Heinsberg\",\"isPartOf\":{\"@id\":\"https:\\\/\\\/www.radiologie-heinsberg.de\\\/#website\"},\"datePublished\":\"2024-01-23T21:18:18+00:00\",\"dateModified\":\"2024-07-03T20:28:26+00:00\",\"description\":\"Skelettszintigraphie Heinsberg \u2713 \u27a4 Erfahren Sie mehr \u00fcber unsere Untersuchungen! \u27a4 Vereinbaren Sie einen Termin bei uns!\",\"breadcrumb\":{\"@id\":\"https:\\\/\\\/www.radiologie-heinsberg.de\\\/skelettszintigraphie-radiologie-heinsberg\\\/#breadcrumb\"},\"inLanguage\":\"en-US\",\"potentialAction\":[{\"@type\":\"ReadAction\",\"target\":[\"https:\\\/\\\/www.radiologie-heinsberg.de\\\/skelettszintigraphie-radiologie-heinsberg\\\/\"]}]},{\"@type\":\"BreadcrumbList\",\"@id\":\"https:\\\/\\\/www.radiologie-heinsberg.de\\\/skelettszintigraphie-radiologie-heinsberg\\\/#breadcrumb\",\"itemListElement\":[{\"@type\":\"ListItem\",\"position\":1,\"name\":\"Startseite\",\"item\":\"https:\\\/\\\/www.radiologie-heinsberg.de\\\/\"},{\"@type\":\"ListItem\",\"position\":2,\"name\":\"Skelettszintigraphie | Radiologie | Nuklearmedizin Heinsberg\"}]},{\"@type\":\"WebSite\",\"@id\":\"https:\\\/\\\/www.radiologie-heinsberg.de\\\/#website\",\"url\":\"https:\\\/\\\/www.radiologie-heinsberg.de\\\/\",\"name\":\"Radiologie | Nuklearmedizin Heinsberg\",\"description\":\"Gemeinschaftspraxis Heinsberg\",\"publisher\":{\"@id\":\"https:\\\/\\\/www.radiologie-heinsberg.de\\\/#organization\"},\"potentialAction\":[{\"@type\":\"SearchAction\",\"target\":{\"@type\":\"EntryPoint\",\"urlTemplate\":\"https:\\\/\\\/www.radiologie-heinsberg.de\\\/?s={search_term_string}\"},\"query-input\":{\"@type\":\"PropertyValueSpecification\",\"valueRequired\":true,\"valueName\":\"search_term_string\"}}],\"inLanguage\":\"en-US\"},{\"@type\":\"Organization\",\"@id\":\"https:\\\/\\\/www.radiologie-heinsberg.de\\\/#organization\",\"name\":\"Radiologie | Nuklearmedizin Heinsberg\",\"url\":\"https:\\\/\\\/www.radiologie-heinsberg.de\\\/\",\"logo\":{\"@type\":\"ImageObject\",\"inLanguage\":\"en-US\",\"@id\":\"https:\\\/\\\/www.radiologie-heinsberg.de\\\/#\\\/schema\\\/logo\\\/image\\\/\",\"url\":\"https:\\\/\\\/www.radiologie-heinsberg.de\\\/wp-content\\\/uploads\\\/2024\\\/01\\\/Logo-praxis-radiologie-heinsberg.jpg\",\"contentUrl\":\"https:\\\/\\\/www.radiologie-heinsberg.de\\\/wp-content\\\/uploads\\\/2024\\\/01\\\/Logo-praxis-radiologie-heinsberg.jpg\",\"width\":604,\"height\":271,\"caption\":\"Radiologie | Nuklearmedizin Heinsberg\"},\"image\":{\"@id\":\"https:\\\/\\\/www.radiologie-heinsberg.de\\\/#\\\/schema\\\/logo\\\/image\\\/\"}}]}<\/script>\n<!-- \/ Yoast SEO plugin. -->","yoast_head_json":{"title":"Skelettszintigraphie | Radiologie | Nuklearmedizin Heinsberg","description":"Skelettszintigraphie Heinsberg \u2713 \u27a4 Erfahren Sie mehr \u00fcber unsere Untersuchungen! \u27a4 Vereinbaren Sie einen Termin bei uns!","robots":{"index":"index","follow":"follow","max-snippet":"max-snippet:-1","max-image-preview":"max-image-preview:large","max-video-preview":"max-video-preview:-1"},"canonical":"https:\/\/www.radiologie-heinsberg.de\/en\/skelettszintigraphie-radiologie-heinsberg\/","og_locale":"en_US","og_type":"article","og_title":"Skelettszintigraphie | Radiologie | Nuklearmedizin Heinsberg","og_description":"Skelettszintigraphie Heinsberg \u2713 \u27a4 Erfahren Sie mehr \u00fcber unsere Untersuchungen! \u27a4 Vereinbaren Sie einen Termin bei uns!","og_url":"https:\/\/www.radiologie-heinsberg.de\/en\/skelettszintigraphie-radiologie-heinsberg\/","og_site_name":"Radiologie | Nuklearmedizin Heinsberg","article_modified_time":"2024-07-03T20:28:26+00:00","twitter_card":"summary_large_image","schema":{"@context":"https:\/\/schema.org","@graph":[{"@type":"WebPage","@id":"https:\/\/www.radiologie-heinsberg.de\/skelettszintigraphie-radiologie-heinsberg\/","url":"https:\/\/www.radiologie-heinsberg.de\/skelettszintigraphie-radiologie-heinsberg\/","name":"Skelettszintigraphie | Radiologie | Nuklearmedizin Heinsberg","isPartOf":{"@id":"https:\/\/www.radiologie-heinsberg.de\/#website"},"datePublished":"2024-01-23T21:18:18+00:00","dateModified":"2024-07-03T20:28:26+00:00","description":"Skelettszintigraphie Heinsberg \u2713 \u27a4 Erfahren Sie mehr \u00fcber unsere Untersuchungen! \u27a4 Vereinbaren Sie einen Termin bei uns!","breadcrumb":{"@id":"https:\/\/www.radiologie-heinsberg.de\/skelettszintigraphie-radiologie-heinsberg\/#breadcrumb"},"inLanguage":"en-US","potentialAction":[{"@type":"ReadAction","target":["https:\/\/www.radiologie-heinsberg.de\/skelettszintigraphie-radiologie-heinsberg\/"]}]},{"@type":"BreadcrumbList","@id":"https:\/\/www.radiologie-heinsberg.de\/skelettszintigraphie-radiologie-heinsberg\/#breadcrumb","itemListElement":[{"@type":"ListItem","position":1,"name":"Startseite","item":"https:\/\/www.radiologie-heinsberg.de\/"},{"@type":"ListItem","position":2,"name":"Skelettszintigraphie | Radiologie | Nuklearmedizin Heinsberg"}]},{"@type":"WebSite","@id":"https:\/\/www.radiologie-heinsberg.de\/#website","url":"https:\/\/www.radiologie-heinsberg.de\/","name":"Radiologie | Nuklearmedizin Heinsberg","description":"Gemeinschaftspraxis Heinsberg","publisher":{"@id":"https:\/\/www.radiologie-heinsberg.de\/#organization"},"potentialAction":[{"@type":"SearchAction","target":{"@type":"EntryPoint","urlTemplate":"https:\/\/www.radiologie-heinsberg.de\/?s={search_term_string}"},"query-input":{"@type":"PropertyValueSpecification","valueRequired":true,"valueName":"search_term_string"}}],"inLanguage":"en-US"},{"@type":"Organization","@id":"https:\/\/www.radiologie-heinsberg.de\/#organization","name":"Radiologie | Nuklearmedizin Heinsberg","url":"https:\/\/www.radiologie-heinsberg.de\/","logo":{"@type":"ImageObject","inLanguage":"en-US","@id":"https:\/\/www.radiologie-heinsberg.de\/#\/schema\/logo\/image\/","url":"https:\/\/www.radiologie-heinsberg.de\/wp-content\/uploads\/2024\/01\/Logo-praxis-radiologie-heinsberg.jpg","contentUrl":"https:\/\/www.radiologie-heinsberg.de\/wp-content\/uploads\/2024\/01\/Logo-praxis-radiologie-heinsberg.jpg","width":604,"height":271,"caption":"Radiologie | Nuklearmedizin Heinsberg"},"image":{"@id":"https:\/\/www.radiologie-heinsberg.de\/#\/schema\/logo\/image\/"}}]}},"_links":{"self":[{"href":"https:\/\/www.radiologie-heinsberg.de\/en\/wp-json\/wp\/v2\/pages\/9031","targetHints":{"allow":["GET"]}}],"collection":[{"href":"https:\/\/www.radiologie-heinsberg.de\/en\/wp-json\/wp\/v2\/pages"}],"about":[{"href":"https:\/\/www.radiologie-heinsberg.de\/en\/wp-json\/wp\/v2\/types\/page"}],"author":[{"embeddable":true,"href":"https:\/\/www.radiologie-heinsberg.de\/en\/wp-json\/wp\/v2\/users\/3"}],"replies":[{"embeddable":true,"href":"https:\/\/www.radiologie-heinsberg.de\/en\/wp-json\/wp\/v2\/comments?post=9031"}],"version-history":[{"count":0,"href":"https:\/\/www.radiologie-heinsberg.de\/en\/wp-json\/wp\/v2\/pages\/9031\/revisions"}],"wp:attachment":[{"href":"https:\/\/www.radiologie-heinsberg.de\/en\/wp-json\/wp\/v2\/media?parent=9031"}],"curies":[{"name":"wp","href":"https:\/\/api.w.org\/{rel}","templated":true}]}}