{"id":9102,"date":"2024-01-23T23:23:04","date_gmt":"2024-01-23T22:23:04","guid":{"rendered":"https:\/\/www.radiologie-heinsberg.de\/?page_id=9102"},"modified":"2024-09-30T07:09:10","modified_gmt":"2024-09-30T05:09:10","slug":"schilddruesendiagnostik-radiologie-heinsberg","status":"publish","type":"page","link":"https:\/\/www.radiologie-heinsberg.de\/en\/schilddruesendiagnostik-radiologie-heinsberg\/","title":{"rendered":"Schilddru\u0308sendiagnostik | Radiologie | Nuklearmedizin Heinsberg"},"content":{"rendered":"<div data-elementor-type=\"wp-page\" data-elementor-id=\"9102\" class=\"elementor elementor-9102\" data-elementor-post-type=\"page\">\n\t\t\t\t<div class=\"elementor-element elementor-element-28371152 e-flex e-con-boxed e-con e-parent\" data-id=\"28371152\" data-element_type=\"container\" data-e-type=\"container\">\n\t\t\t\t\t<div class=\"e-con-inner\">\n\t\t\t\t<div class=\"elementor-element elementor-element-5bca788 elementor-widget elementor-widget-image\" data-id=\"5bca788\" data-element_type=\"widget\" data-e-type=\"widget\" data-widget_type=\"image.default\">\n\t\t\t\t<div class=\"elementor-widget-container\">\n\t\t\t\t\t\t\t\t\t\t\t\t\t\t\t<img fetchpriority=\"high\" decoding=\"async\" width=\"800\" height=\"600\" src=\"https:\/\/www.radiologie-heinsberg.de\/wp-content\/uploads\/2024\/07\/radiologie-heinsberg-szintigtafie-1-1024x768.jpg\" class=\"attachment-large size-large wp-image-11524\" alt=\"\" srcset=\"https:\/\/www.radiologie-heinsberg.de\/wp-content\/uploads\/2024\/07\/radiologie-heinsberg-szintigtafie-1-1024x768.jpg 1024w, https:\/\/www.radiologie-heinsberg.de\/wp-content\/uploads\/2024\/07\/radiologie-heinsberg-szintigtafie-1-300x225.jpg 300w, https:\/\/www.radiologie-heinsberg.de\/wp-content\/uploads\/2024\/07\/radiologie-heinsberg-szintigtafie-1-768x576.jpg 768w, https:\/\/www.radiologie-heinsberg.de\/wp-content\/uploads\/2024\/07\/radiologie-heinsberg-szintigtafie-1.jpg 1200w\" sizes=\"(max-width: 800px) 100vw, 800px\" \/>\t\t\t\t\t\t\t\t\t\t\t\t\t\t\t<\/div>\n\t\t\t\t<\/div>\n\t\t\t\t<div class=\"elementor-element elementor-element-e78e9c3 animated-slow elementor-invisible elementor-widget elementor-widget-heading\" data-id=\"e78e9c3\" data-element_type=\"widget\" data-e-type=\"widget\" data-settings=\"{&quot;_animation&quot;:&quot;fadeIn&quot;}\" data-widget_type=\"heading.default\">\n\t\t\t\t<div class=\"elementor-widget-container\">\n\t\t\t\t\t<h1 class=\"elementor-heading-title elementor-size-default\">Thyroid diagnostics<\/h1>\t\t\t\t<\/div>\n\t\t\t\t<\/div>\n\t\t\t\t<div class=\"elementor-element elementor-element-5e702b0 elementor-widget elementor-widget-heading\" data-id=\"5e702b0\" data-element_type=\"widget\" data-e-type=\"widget\" data-widget_type=\"heading.default\">\n\t\t\t\t<div class=\"elementor-widget-container\">\n\t\t\t\t\t<h2 class=\"elementor-heading-title elementor-size-default\">Thyroid<\/h2>\t\t\t\t<\/div>\n\t\t\t\t<\/div>\n\t\t\t\t<div class=\"elementor-element elementor-element-0a28b2d listenpunkte elementor-widget elementor-widget-text-editor\" data-id=\"0a28b2d\" data-element_type=\"widget\" data-e-type=\"widget\" data-widget_type=\"text-editor.default\">\n\t\t\t\t<div class=\"elementor-widget-container\">\n\t\t\t\t\t\t\t\t\t<p>Diseases of the thyroid gland can be benign or malignant. Thyroid scintigraphy, sonography and uptake measurement can initially be used to diagnose these.<\/p>\t\t\t\t\t\t\t\t<\/div>\n\t\t\t\t<\/div>\n\t\t\t\t<div class=\"elementor-element elementor-element-50b0a33 elementor-widget elementor-widget-heading\" data-id=\"50b0a33\" data-element_type=\"widget\" data-e-type=\"widget\" data-widget_type=\"heading.default\">\n\t\t\t\t<div class=\"elementor-widget-container\">\n\t\t\t\t\t<h2 class=\"elementor-heading-title elementor-size-default\">Parathyroid gland<\/h2>\t\t\t\t<\/div>\n\t\t\t\t<\/div>\n\t\t\t\t<div class=\"elementor-element elementor-element-10b7efb listenpunkte elementor-widget elementor-widget-text-editor\" data-id=\"10b7efb\" data-element_type=\"widget\" data-e-type=\"widget\" data-widget_type=\"text-editor.default\">\n\t\t\t\t<div class=\"elementor-widget-container\">\n\t\t\t\t\t\t\t\t\t<p>In our nuclear medicine practice in Heinsberg, we offer comprehensive thyroid diagnostics. Parathyroid scintigraphy makes a significant contribution to the further clarification of parathyroid hyperfunction - in particular to visualise the anatomical location of hyperfunctional tissue.<\/p>\t\t\t\t\t\t\t\t<\/div>\n\t\t\t\t<\/div>\n\t\t\t\t\t<\/div>\n\t\t\t\t<\/div>\n\t\t\t\t<\/div>","protected":false},"excerpt":{"rendered":"<p>Schilddru\u0308sen&shy;diagnostik Schilddr\u00fcse Erkrankungen der Schilddr\u00fcse k\u00f6nnen gutartig oder auch b\u00f6sartig sein. Mit der Schilddr\u00fcsenszintigraphie, Sonographie und Uptake-Messung k\u00f6nnen diese zun\u00e4chst diagnostisch detektiert werden. Nebenschilddr\u00fcse In unserer nuklearmedizinischen Praxis in Heinsberg bieten wir eine umfassende Schilddr\u00fcsendiagnostik an. Zur weiteren Abkl\u00e4rung einer Nebenschilddr\u00fcsen\u00fcberfunktion leistet die Nebenschilddr\u00fcsenszintigraphie einen wesentlichen Beitrag &#8211; insbesondere, um die anatomische Lage hyperfunktionellen Gewebes [&hellip;]<\/p>\n","protected":false},"author":3,"featured_media":0,"parent":0,"menu_order":0,"comment_status":"closed","ping_status":"closed","template":"","meta":{"footnotes":""},"class_list":["post-9102","page","type-page","status-publish","hentry"],"yoast_head":"<!-- This site is optimized with the Yoast SEO plugin v27.3 - https:\/\/yoast.com\/product\/yoast-seo-wordpress\/ -->\n<title>Schilddru\u0308sendiagnostik | Radiologie | Nuklearmedizin Heinsberg<\/title>\n<meta name=\"description\" content=\"Schilddr\u00fcsendiagnostik Heinsberg \u2713 \u27a4 Erfahren Sie mehr \u00fcber unsere Untersuchungen! \u27a4 Vereinbaren Sie einen Termin bei uns!\" \/>\n<meta name=\"robots\" content=\"index, follow, max-snippet:-1, max-image-preview:large, max-video-preview:-1\" \/>\n<link rel=\"canonical\" href=\"https:\/\/www.radiologie-heinsberg.de\/en\/schilddruesendiagnostik-radiologie-heinsberg\/\" \/>\n<meta property=\"og:locale\" content=\"en_US\" \/>\n<meta property=\"og:type\" content=\"article\" \/>\n<meta property=\"og:title\" content=\"Schilddru\u0308sendiagnostik | Radiologie | Nuklearmedizin Heinsberg\" \/>\n<meta property=\"og:description\" content=\"Schilddr\u00fcsendiagnostik Heinsberg \u2713 \u27a4 Erfahren Sie mehr \u00fcber unsere Untersuchungen! \u27a4 Vereinbaren Sie einen Termin bei uns!\" \/>\n<meta property=\"og:url\" content=\"https:\/\/www.radiologie-heinsberg.de\/en\/schilddruesendiagnostik-radiologie-heinsberg\/\" \/>\n<meta property=\"og:site_name\" content=\"Radiologie | Nuklearmedizin Heinsberg\" \/>\n<meta property=\"article:modified_time\" content=\"2024-09-30T05:09:10+00:00\" \/>\n<meta property=\"og:image\" content=\"https:\/\/www.radiologie-heinsberg.de\/wp-content\/uploads\/2024\/07\/radiologie-heinsberg-szintigtafie-1-1024x768.jpg\" \/>\n<meta name=\"twitter:card\" content=\"summary_large_image\" \/>\n<script type=\"application\/ld+json\" class=\"yoast-schema-graph\">{\"@context\":\"https:\\\/\\\/schema.org\",\"@graph\":[{\"@type\":\"WebPage\",\"@id\":\"https:\\\/\\\/www.radiologie-heinsberg.de\\\/schilddruesendiagnostik-radiologie-heinsberg\\\/\",\"url\":\"https:\\\/\\\/www.radiologie-heinsberg.de\\\/schilddruesendiagnostik-radiologie-heinsberg\\\/\",\"name\":\"Schilddru\u0308sendiagnostik | Radiologie | Nuklearmedizin Heinsberg\",\"isPartOf\":{\"@id\":\"https:\\\/\\\/www.radiologie-heinsberg.de\\\/#website\"},\"primaryImageOfPage\":{\"@id\":\"https:\\\/\\\/www.radiologie-heinsberg.de\\\/schilddruesendiagnostik-radiologie-heinsberg\\\/#primaryimage\"},\"image\":{\"@id\":\"https:\\\/\\\/www.radiologie-heinsberg.de\\\/schilddruesendiagnostik-radiologie-heinsberg\\\/#primaryimage\"},\"thumbnailUrl\":\"https:\\\/\\\/www.radiologie-heinsberg.de\\\/wp-content\\\/uploads\\\/2024\\\/07\\\/radiologie-heinsberg-szintigtafie-1-1024x768.jpg\",\"datePublished\":\"2024-01-23T22:23:04+00:00\",\"dateModified\":\"2024-09-30T05:09:10+00:00\",\"description\":\"Schilddr\u00fcsendiagnostik Heinsberg \u2713 \u27a4 Erfahren Sie mehr \u00fcber unsere Untersuchungen! \u27a4 Vereinbaren Sie einen Termin bei uns!\",\"breadcrumb\":{\"@id\":\"https:\\\/\\\/www.radiologie-heinsberg.de\\\/schilddruesendiagnostik-radiologie-heinsberg\\\/#breadcrumb\"},\"inLanguage\":\"en-US\",\"potentialAction\":[{\"@type\":\"ReadAction\",\"target\":[\"https:\\\/\\\/www.radiologie-heinsberg.de\\\/schilddruesendiagnostik-radiologie-heinsberg\\\/\"]}]},{\"@type\":\"ImageObject\",\"inLanguage\":\"en-US\",\"@id\":\"https:\\\/\\\/www.radiologie-heinsberg.de\\\/schilddruesendiagnostik-radiologie-heinsberg\\\/#primaryimage\",\"url\":\"https:\\\/\\\/www.radiologie-heinsberg.de\\\/wp-content\\\/uploads\\\/2024\\\/07\\\/radiologie-heinsberg-szintigtafie-1-1024x768.jpg\",\"contentUrl\":\"https:\\\/\\\/www.radiologie-heinsberg.de\\\/wp-content\\\/uploads\\\/2024\\\/07\\\/radiologie-heinsberg-szintigtafie-1-1024x768.jpg\"},{\"@type\":\"BreadcrumbList\",\"@id\":\"https:\\\/\\\/www.radiologie-heinsberg.de\\\/schilddruesendiagnostik-radiologie-heinsberg\\\/#breadcrumb\",\"itemListElement\":[{\"@type\":\"ListItem\",\"position\":1,\"name\":\"Startseite\",\"item\":\"https:\\\/\\\/www.radiologie-heinsberg.de\\\/\"},{\"@type\":\"ListItem\",\"position\":2,\"name\":\"Schilddru\u0308sendiagnostik | Radiologie | Nuklearmedizin Heinsberg\"}]},{\"@type\":\"WebSite\",\"@id\":\"https:\\\/\\\/www.radiologie-heinsberg.de\\\/#website\",\"url\":\"https:\\\/\\\/www.radiologie-heinsberg.de\\\/\",\"name\":\"Radiologie | Nuklearmedizin Heinsberg\",\"description\":\"Gemeinschaftspraxis Heinsberg\",\"publisher\":{\"@id\":\"https:\\\/\\\/www.radiologie-heinsberg.de\\\/#organization\"},\"potentialAction\":[{\"@type\":\"SearchAction\",\"target\":{\"@type\":\"EntryPoint\",\"urlTemplate\":\"https:\\\/\\\/www.radiologie-heinsberg.de\\\/?s={search_term_string}\"},\"query-input\":{\"@type\":\"PropertyValueSpecification\",\"valueRequired\":true,\"valueName\":\"search_term_string\"}}],\"inLanguage\":\"en-US\"},{\"@type\":\"Organization\",\"@id\":\"https:\\\/\\\/www.radiologie-heinsberg.de\\\/#organization\",\"name\":\"Radiologie | Nuklearmedizin Heinsberg\",\"url\":\"https:\\\/\\\/www.radiologie-heinsberg.de\\\/\",\"logo\":{\"@type\":\"ImageObject\",\"inLanguage\":\"en-US\",\"@id\":\"https:\\\/\\\/www.radiologie-heinsberg.de\\\/#\\\/schema\\\/logo\\\/image\\\/\",\"url\":\"https:\\\/\\\/www.radiologie-heinsberg.de\\\/wp-content\\\/uploads\\\/2024\\\/01\\\/Logo-praxis-radiologie-heinsberg.jpg\",\"contentUrl\":\"https:\\\/\\\/www.radiologie-heinsberg.de\\\/wp-content\\\/uploads\\\/2024\\\/01\\\/Logo-praxis-radiologie-heinsberg.jpg\",\"width\":604,\"height\":271,\"caption\":\"Radiologie | Nuklearmedizin Heinsberg\"},\"image\":{\"@id\":\"https:\\\/\\\/www.radiologie-heinsberg.de\\\/#\\\/schema\\\/logo\\\/image\\\/\"}}]}<\/script>\n<!-- \/ Yoast SEO plugin. -->","yoast_head_json":{"title":"Schilddru\u0308sendiagnostik | Radiologie | Nuklearmedizin Heinsberg","description":"Schilddr\u00fcsendiagnostik Heinsberg \u2713 \u27a4 Erfahren Sie mehr \u00fcber unsere Untersuchungen! \u27a4 Vereinbaren Sie einen Termin bei uns!","robots":{"index":"index","follow":"follow","max-snippet":"max-snippet:-1","max-image-preview":"max-image-preview:large","max-video-preview":"max-video-preview:-1"},"canonical":"https:\/\/www.radiologie-heinsberg.de\/en\/schilddruesendiagnostik-radiologie-heinsberg\/","og_locale":"en_US","og_type":"article","og_title":"Schilddru\u0308sendiagnostik | Radiologie | Nuklearmedizin Heinsberg","og_description":"Schilddr\u00fcsendiagnostik Heinsberg \u2713 \u27a4 Erfahren Sie mehr \u00fcber unsere Untersuchungen! \u27a4 Vereinbaren Sie einen Termin bei uns!","og_url":"https:\/\/www.radiologie-heinsberg.de\/en\/schilddruesendiagnostik-radiologie-heinsberg\/","og_site_name":"Radiologie | Nuklearmedizin Heinsberg","article_modified_time":"2024-09-30T05:09:10+00:00","og_image":[{"url":"https:\/\/www.radiologie-heinsberg.de\/wp-content\/uploads\/2024\/07\/radiologie-heinsberg-szintigtafie-1-1024x768.jpg","type":"","width":"","height":""}],"twitter_card":"summary_large_image","schema":{"@context":"https:\/\/schema.org","@graph":[{"@type":"WebPage","@id":"https:\/\/www.radiologie-heinsberg.de\/schilddruesendiagnostik-radiologie-heinsberg\/","url":"https:\/\/www.radiologie-heinsberg.de\/schilddruesendiagnostik-radiologie-heinsberg\/","name":"Schilddru\u0308sendiagnostik | Radiologie | Nuklearmedizin Heinsberg","isPartOf":{"@id":"https:\/\/www.radiologie-heinsberg.de\/#website"},"primaryImageOfPage":{"@id":"https:\/\/www.radiologie-heinsberg.de\/schilddruesendiagnostik-radiologie-heinsberg\/#primaryimage"},"image":{"@id":"https:\/\/www.radiologie-heinsberg.de\/schilddruesendiagnostik-radiologie-heinsberg\/#primaryimage"},"thumbnailUrl":"https:\/\/www.radiologie-heinsberg.de\/wp-content\/uploads\/2024\/07\/radiologie-heinsberg-szintigtafie-1-1024x768.jpg","datePublished":"2024-01-23T22:23:04+00:00","dateModified":"2024-09-30T05:09:10+00:00","description":"Schilddr\u00fcsendiagnostik Heinsberg \u2713 \u27a4 Erfahren Sie mehr \u00fcber unsere Untersuchungen! \u27a4 Vereinbaren Sie einen Termin bei uns!","breadcrumb":{"@id":"https:\/\/www.radiologie-heinsberg.de\/schilddruesendiagnostik-radiologie-heinsberg\/#breadcrumb"},"inLanguage":"en-US","potentialAction":[{"@type":"ReadAction","target":["https:\/\/www.radiologie-heinsberg.de\/schilddruesendiagnostik-radiologie-heinsberg\/"]}]},{"@type":"ImageObject","inLanguage":"en-US","@id":"https:\/\/www.radiologie-heinsberg.de\/schilddruesendiagnostik-radiologie-heinsberg\/#primaryimage","url":"https:\/\/www.radiologie-heinsberg.de\/wp-content\/uploads\/2024\/07\/radiologie-heinsberg-szintigtafie-1-1024x768.jpg","contentUrl":"https:\/\/www.radiologie-heinsberg.de\/wp-content\/uploads\/2024\/07\/radiologie-heinsberg-szintigtafie-1-1024x768.jpg"},{"@type":"BreadcrumbList","@id":"https:\/\/www.radiologie-heinsberg.de\/schilddruesendiagnostik-radiologie-heinsberg\/#breadcrumb","itemListElement":[{"@type":"ListItem","position":1,"name":"Startseite","item":"https:\/\/www.radiologie-heinsberg.de\/"},{"@type":"ListItem","position":2,"name":"Schilddru\u0308sendiagnostik | Radiologie | Nuklearmedizin Heinsberg"}]},{"@type":"WebSite","@id":"https:\/\/www.radiologie-heinsberg.de\/#website","url":"https:\/\/www.radiologie-heinsberg.de\/","name":"Radiologie | Nuklearmedizin Heinsberg","description":"Gemeinschaftspraxis Heinsberg","publisher":{"@id":"https:\/\/www.radiologie-heinsberg.de\/#organization"},"potentialAction":[{"@type":"SearchAction","target":{"@type":"EntryPoint","urlTemplate":"https:\/\/www.radiologie-heinsberg.de\/?s={search_term_string}"},"query-input":{"@type":"PropertyValueSpecification","valueRequired":true,"valueName":"search_term_string"}}],"inLanguage":"en-US"},{"@type":"Organization","@id":"https:\/\/www.radiologie-heinsberg.de\/#organization","name":"Radiologie | Nuklearmedizin Heinsberg","url":"https:\/\/www.radiologie-heinsberg.de\/","logo":{"@type":"ImageObject","inLanguage":"en-US","@id":"https:\/\/www.radiologie-heinsberg.de\/#\/schema\/logo\/image\/","url":"https:\/\/www.radiologie-heinsberg.de\/wp-content\/uploads\/2024\/01\/Logo-praxis-radiologie-heinsberg.jpg","contentUrl":"https:\/\/www.radiologie-heinsberg.de\/wp-content\/uploads\/2024\/01\/Logo-praxis-radiologie-heinsberg.jpg","width":604,"height":271,"caption":"Radiologie | Nuklearmedizin Heinsberg"},"image":{"@id":"https:\/\/www.radiologie-heinsberg.de\/#\/schema\/logo\/image\/"}}]}},"_links":{"self":[{"href":"https:\/\/www.radiologie-heinsberg.de\/en\/wp-json\/wp\/v2\/pages\/9102","targetHints":{"allow":["GET"]}}],"collection":[{"href":"https:\/\/www.radiologie-heinsberg.de\/en\/wp-json\/wp\/v2\/pages"}],"about":[{"href":"https:\/\/www.radiologie-heinsberg.de\/en\/wp-json\/wp\/v2\/types\/page"}],"author":[{"embeddable":true,"href":"https:\/\/www.radiologie-heinsberg.de\/en\/wp-json\/wp\/v2\/users\/3"}],"replies":[{"embeddable":true,"href":"https:\/\/www.radiologie-heinsberg.de\/en\/wp-json\/wp\/v2\/comments?post=9102"}],"version-history":[{"count":0,"href":"https:\/\/www.radiologie-heinsberg.de\/en\/wp-json\/wp\/v2\/pages\/9102\/revisions"}],"wp:attachment":[{"href":"https:\/\/www.radiologie-heinsberg.de\/en\/wp-json\/wp\/v2\/media?parent=9102"}],"curies":[{"name":"wp","href":"https:\/\/api.w.org\/{rel}","templated":true}]}}