{"id":9174,"date":"2024-01-24T15:03:54","date_gmt":"2024-01-24T14:03:54","guid":{"rendered":"https:\/\/www.radiologie-heinsberg.de\/?page_id=9174"},"modified":"2024-07-02T12:20:38","modified_gmt":"2024-07-02T10:20:38","slug":"myokardszintigraphie-radiologie-heinsberg","status":"publish","type":"page","link":"https:\/\/www.radiologie-heinsberg.de\/en\/myokardszintigraphie-radiologie-heinsberg\/","title":{"rendered":"Myokardszintigraphie | Radiologie | Nuklearmedizin Heinsberg"},"content":{"rendered":"<div data-elementor-type=\"wp-page\" data-elementor-id=\"9174\" class=\"elementor elementor-9174\" data-elementor-post-type=\"page\">\n\t\t\t\t<div class=\"elementor-element elementor-element-4c7768b7 e-flex e-con-boxed e-con e-parent\" data-id=\"4c7768b7\" data-element_type=\"container\" data-e-type=\"container\">\n\t\t\t\t\t<div class=\"e-con-inner\">\n\t\t\t\t<div class=\"elementor-element elementor-element-2a455855 animated-slow elementor-invisible elementor-widget elementor-widget-heading\" data-id=\"2a455855\" data-element_type=\"widget\" data-e-type=\"widget\" data-settings=\"{&quot;_animation&quot;:&quot;fadeIn&quot;}\" data-widget_type=\"heading.default\">\n\t\t\t\t<div class=\"elementor-widget-container\">\n\t\t\t\t\t<h1 class=\"elementor-heading-title elementor-size-default\">Myocardial scintigraphy <\/h1>\t\t\t\t<\/div>\n\t\t\t\t<\/div>\n\t\t\t\t<div class=\"elementor-element elementor-element-450b10fe listenpunkte elementor-widget elementor-widget-text-editor\" data-id=\"450b10fe\" data-element_type=\"widget\" data-e-type=\"widget\" data-widget_type=\"text-editor.default\">\n\t\t\t\t<div class=\"elementor-widget-container\">\n\t\t\t\t\t\t\t\t\t<p>In our nuclear medicine practice in Heinsberg we offer myocardial scintigraphy. To detect or rule out coronary artery disease, so-called myocardial scintigraphy (i.e. cardiac muscle scintigraphy) allows conclusions to be drawn about the blood flow to the heart muscle.<\/p><p>Before the examination, medications from the following drug groups should be stopped (after consultation with the referring doctor): beta-blockers, calcium antagonists and long-acting nitrates (and if possible, do not take short-acting nitrates immediately before the examination).<\/p><p>On the day of the examination, please do not consume any drinks containing caffeine or tea (coffee, tea, cola) or chocolate.<\/p><p>Come in comfortable clothing and take a packed lunch with fatty cheese and butter with you.<\/p><p>The examination takes about 6 hours for a 1-day protocol, and about 3 hours on each of 2 consecutive days for a 2-day protocol.<\/p>\t\t\t\t\t\t\t\t<\/div>\n\t\t\t\t<\/div>\n\t\t\t\t\t<\/div>\n\t\t\t\t<\/div>\n\t\t\t\t<\/div>","protected":false},"excerpt":{"rendered":"<p>Myokards\u00adzintigra\u00adphie In unserer nuklearmedizinischen Praxis in Heinsberg bieten wir die Myokardszintigraphie an. Zum Nachweis bzw. Ausschluss einer Herzkranzgef\u00e4\u00dfkrankheit l\u00e4sst die sog. Myokardszintigraphie (d.h. Herzmuskelszintigraphie) R\u00fcckschl\u00fcsse auf die Durchblutung des Herzmuskels zu. Vor der Untersuchung sollen (nach R\u00fccksprache mit dem \u00fcberweisenden Arzt) Medikamente der folgenden Arzneimittelgruppen pausiert werden: Betablocker, Calciumantagonisten sowie langwirksame Nitrate (und nach M\u00f6glichkeit [&hellip;]<\/p>\n","protected":false},"author":3,"featured_media":0,"parent":0,"menu_order":0,"comment_status":"closed","ping_status":"closed","template":"","meta":{"footnotes":""},"class_list":["post-9174","page","type-page","status-publish","hentry"],"yoast_head":"<!-- This site is optimized with the Yoast SEO plugin v27.5 - https:\/\/yoast.com\/product\/yoast-seo-wordpress\/ -->\n<title>Myokardszintigraphie | Radiologie | Nuklearmedizin Heinsberg<\/title>\n<meta name=\"description\" content=\"Myokardszintigrahie Heinsberg \u2713 \u27a4 Erfahren Sie mehr \u00fcber unsere Untersuchungen! \u27a4 Vereinbaren Sie einen Termin bei uns!\" \/>\n<meta name=\"robots\" content=\"index, follow, max-snippet:-1, max-image-preview:large, max-video-preview:-1\" \/>\n<link rel=\"canonical\" href=\"https:\/\/www.radiologie-heinsberg.de\/en\/myokardszintigraphie-radiologie-heinsberg\/\" \/>\n<meta property=\"og:locale\" content=\"en_US\" \/>\n<meta property=\"og:type\" content=\"article\" \/>\n<meta property=\"og:title\" content=\"Myokardszintigraphie | Radiologie | Nuklearmedizin Heinsberg\" \/>\n<meta property=\"og:description\" content=\"Myokardszintigrahie Heinsberg \u2713 \u27a4 Erfahren Sie mehr \u00fcber unsere Untersuchungen! \u27a4 Vereinbaren Sie einen Termin bei uns!\" \/>\n<meta property=\"og:url\" content=\"https:\/\/www.radiologie-heinsberg.de\/en\/myokardszintigraphie-radiologie-heinsberg\/\" \/>\n<meta property=\"og:site_name\" content=\"Radiologie | Nuklearmedizin Heinsberg\" \/>\n<meta property=\"article:modified_time\" content=\"2024-07-02T10:20:38+00:00\" \/>\n<meta name=\"twitter:card\" content=\"summary_large_image\" \/>\n<meta name=\"twitter:label1\" content=\"Est. reading time\" \/>\n\t<meta name=\"twitter:data1\" content=\"1 minute\" \/>\n<script type=\"application\/ld+json\" class=\"yoast-schema-graph\">{\"@context\":\"https:\\\/\\\/schema.org\",\"@graph\":[{\"@type\":\"WebPage\",\"@id\":\"https:\\\/\\\/www.radiologie-heinsberg.de\\\/myokardszintigraphie-radiologie-heinsberg\\\/\",\"url\":\"https:\\\/\\\/www.radiologie-heinsberg.de\\\/myokardszintigraphie-radiologie-heinsberg\\\/\",\"name\":\"Myokardszintigraphie | Radiologie | Nuklearmedizin Heinsberg\",\"isPartOf\":{\"@id\":\"https:\\\/\\\/www.radiologie-heinsberg.de\\\/#website\"},\"datePublished\":\"2024-01-24T14:03:54+00:00\",\"dateModified\":\"2024-07-02T10:20:38+00:00\",\"description\":\"Myokardszintigrahie Heinsberg \u2713 \u27a4 Erfahren Sie mehr \u00fcber unsere Untersuchungen! \u27a4 Vereinbaren Sie einen Termin bei uns!\",\"breadcrumb\":{\"@id\":\"https:\\\/\\\/www.radiologie-heinsberg.de\\\/myokardszintigraphie-radiologie-heinsberg\\\/#breadcrumb\"},\"inLanguage\":\"en-US\",\"potentialAction\":[{\"@type\":\"ReadAction\",\"target\":[\"https:\\\/\\\/www.radiologie-heinsberg.de\\\/myokardszintigraphie-radiologie-heinsberg\\\/\"]}]},{\"@type\":\"BreadcrumbList\",\"@id\":\"https:\\\/\\\/www.radiologie-heinsberg.de\\\/myokardszintigraphie-radiologie-heinsberg\\\/#breadcrumb\",\"itemListElement\":[{\"@type\":\"ListItem\",\"position\":1,\"name\":\"Startseite\",\"item\":\"https:\\\/\\\/www.radiologie-heinsberg.de\\\/\"},{\"@type\":\"ListItem\",\"position\":2,\"name\":\"Myokardszintigraphie | Radiologie | Nuklearmedizin Heinsberg\"}]},{\"@type\":\"WebSite\",\"@id\":\"https:\\\/\\\/www.radiologie-heinsberg.de\\\/#website\",\"url\":\"https:\\\/\\\/www.radiologie-heinsberg.de\\\/\",\"name\":\"Radiologie | Nuklearmedizin Heinsberg\",\"description\":\"Gemeinschaftspraxis Heinsberg\",\"publisher\":{\"@id\":\"https:\\\/\\\/www.radiologie-heinsberg.de\\\/#organization\"},\"potentialAction\":[{\"@type\":\"SearchAction\",\"target\":{\"@type\":\"EntryPoint\",\"urlTemplate\":\"https:\\\/\\\/www.radiologie-heinsberg.de\\\/?s={search_term_string}\"},\"query-input\":{\"@type\":\"PropertyValueSpecification\",\"valueRequired\":true,\"valueName\":\"search_term_string\"}}],\"inLanguage\":\"en-US\"},{\"@type\":\"Organization\",\"@id\":\"https:\\\/\\\/www.radiologie-heinsberg.de\\\/#organization\",\"name\":\"Radiologie | Nuklearmedizin Heinsberg\",\"url\":\"https:\\\/\\\/www.radiologie-heinsberg.de\\\/\",\"logo\":{\"@type\":\"ImageObject\",\"inLanguage\":\"en-US\",\"@id\":\"https:\\\/\\\/www.radiologie-heinsberg.de\\\/#\\\/schema\\\/logo\\\/image\\\/\",\"url\":\"https:\\\/\\\/www.radiologie-heinsberg.de\\\/wp-content\\\/uploads\\\/2024\\\/01\\\/Logo-praxis-radiologie-heinsberg.jpg\",\"contentUrl\":\"https:\\\/\\\/www.radiologie-heinsberg.de\\\/wp-content\\\/uploads\\\/2024\\\/01\\\/Logo-praxis-radiologie-heinsberg.jpg\",\"width\":604,\"height\":271,\"caption\":\"Radiologie | Nuklearmedizin Heinsberg\"},\"image\":{\"@id\":\"https:\\\/\\\/www.radiologie-heinsberg.de\\\/#\\\/schema\\\/logo\\\/image\\\/\"}}]}<\/script>\n<!-- \/ Yoast SEO plugin. -->","yoast_head_json":{"title":"Myokardszintigraphie | Radiologie | Nuklearmedizin Heinsberg","description":"Myokardszintigrahie Heinsberg \u2713 \u27a4 Erfahren Sie mehr \u00fcber unsere Untersuchungen! \u27a4 Vereinbaren Sie einen Termin bei uns!","robots":{"index":"index","follow":"follow","max-snippet":"max-snippet:-1","max-image-preview":"max-image-preview:large","max-video-preview":"max-video-preview:-1"},"canonical":"https:\/\/www.radiologie-heinsberg.de\/en\/myokardszintigraphie-radiologie-heinsberg\/","og_locale":"en_US","og_type":"article","og_title":"Myokardszintigraphie | Radiologie | Nuklearmedizin Heinsberg","og_description":"Myokardszintigrahie Heinsberg \u2713 \u27a4 Erfahren Sie mehr \u00fcber unsere Untersuchungen! \u27a4 Vereinbaren Sie einen Termin bei uns!","og_url":"https:\/\/www.radiologie-heinsberg.de\/en\/myokardszintigraphie-radiologie-heinsberg\/","og_site_name":"Radiologie | Nuklearmedizin Heinsberg","article_modified_time":"2024-07-02T10:20:38+00:00","twitter_card":"summary_large_image","twitter_misc":{"Est. reading time":"1 minute"},"schema":{"@context":"https:\/\/schema.org","@graph":[{"@type":"WebPage","@id":"https:\/\/www.radiologie-heinsberg.de\/myokardszintigraphie-radiologie-heinsberg\/","url":"https:\/\/www.radiologie-heinsberg.de\/myokardszintigraphie-radiologie-heinsberg\/","name":"Myokardszintigraphie | Radiologie | Nuklearmedizin Heinsberg","isPartOf":{"@id":"https:\/\/www.radiologie-heinsberg.de\/#website"},"datePublished":"2024-01-24T14:03:54+00:00","dateModified":"2024-07-02T10:20:38+00:00","description":"Myokardszintigrahie Heinsberg \u2713 \u27a4 Erfahren Sie mehr \u00fcber unsere Untersuchungen! \u27a4 Vereinbaren Sie einen Termin bei uns!","breadcrumb":{"@id":"https:\/\/www.radiologie-heinsberg.de\/myokardszintigraphie-radiologie-heinsberg\/#breadcrumb"},"inLanguage":"en-US","potentialAction":[{"@type":"ReadAction","target":["https:\/\/www.radiologie-heinsberg.de\/myokardszintigraphie-radiologie-heinsberg\/"]}]},{"@type":"BreadcrumbList","@id":"https:\/\/www.radiologie-heinsberg.de\/myokardszintigraphie-radiologie-heinsberg\/#breadcrumb","itemListElement":[{"@type":"ListItem","position":1,"name":"Startseite","item":"https:\/\/www.radiologie-heinsberg.de\/"},{"@type":"ListItem","position":2,"name":"Myokardszintigraphie | Radiologie | Nuklearmedizin Heinsberg"}]},{"@type":"WebSite","@id":"https:\/\/www.radiologie-heinsberg.de\/#website","url":"https:\/\/www.radiologie-heinsberg.de\/","name":"Radiologie | Nuklearmedizin Heinsberg","description":"Gemeinschaftspraxis Heinsberg","publisher":{"@id":"https:\/\/www.radiologie-heinsberg.de\/#organization"},"potentialAction":[{"@type":"SearchAction","target":{"@type":"EntryPoint","urlTemplate":"https:\/\/www.radiologie-heinsberg.de\/?s={search_term_string}"},"query-input":{"@type":"PropertyValueSpecification","valueRequired":true,"valueName":"search_term_string"}}],"inLanguage":"en-US"},{"@type":"Organization","@id":"https:\/\/www.radiologie-heinsberg.de\/#organization","name":"Radiologie | Nuklearmedizin Heinsberg","url":"https:\/\/www.radiologie-heinsberg.de\/","logo":{"@type":"ImageObject","inLanguage":"en-US","@id":"https:\/\/www.radiologie-heinsberg.de\/#\/schema\/logo\/image\/","url":"https:\/\/www.radiologie-heinsberg.de\/wp-content\/uploads\/2024\/01\/Logo-praxis-radiologie-heinsberg.jpg","contentUrl":"https:\/\/www.radiologie-heinsberg.de\/wp-content\/uploads\/2024\/01\/Logo-praxis-radiologie-heinsberg.jpg","width":604,"height":271,"caption":"Radiologie | Nuklearmedizin Heinsberg"},"image":{"@id":"https:\/\/www.radiologie-heinsberg.de\/#\/schema\/logo\/image\/"}}]}},"_links":{"self":[{"href":"https:\/\/www.radiologie-heinsberg.de\/en\/wp-json\/wp\/v2\/pages\/9174","targetHints":{"allow":["GET"]}}],"collection":[{"href":"https:\/\/www.radiologie-heinsberg.de\/en\/wp-json\/wp\/v2\/pages"}],"about":[{"href":"https:\/\/www.radiologie-heinsberg.de\/en\/wp-json\/wp\/v2\/types\/page"}],"author":[{"embeddable":true,"href":"https:\/\/www.radiologie-heinsberg.de\/en\/wp-json\/wp\/v2\/users\/3"}],"replies":[{"embeddable":true,"href":"https:\/\/www.radiologie-heinsberg.de\/en\/wp-json\/wp\/v2\/comments?post=9174"}],"version-history":[{"count":0,"href":"https:\/\/www.radiologie-heinsberg.de\/en\/wp-json\/wp\/v2\/pages\/9174\/revisions"}],"wp:attachment":[{"href":"https:\/\/www.radiologie-heinsberg.de\/en\/wp-json\/wp\/v2\/media?parent=9174"}],"curies":[{"name":"wp","href":"https:\/\/api.w.org\/{rel}","templated":true}]}}