{"id":9265,"date":"2024-01-24T19:32:55","date_gmt":"2024-01-24T18:32:55","guid":{"rendered":"https:\/\/www.radiologie-heinsberg.de\/?page_id=9265"},"modified":"2024-09-30T07:07:17","modified_gmt":"2024-09-30T05:07:17","slug":"nierenfunktionsszintigraphie-radiologie-heinsberg","status":"publish","type":"page","link":"https:\/\/www.radiologie-heinsberg.de\/en\/nierenfunktionsszintigraphie-radiologie-heinsberg\/","title":{"rendered":"Nierenfunktionsszintigraphie | Radiologie | Nuklearmedizin Heinsberg"},"content":{"rendered":"<div data-elementor-type=\"wp-page\" data-elementor-id=\"9265\" class=\"elementor elementor-9265\" data-elementor-post-type=\"page\">\n\t\t\t\t<div class=\"elementor-element elementor-element-5b45f7cf e-flex e-con-boxed e-con e-parent\" data-id=\"5b45f7cf\" data-element_type=\"container\" data-e-type=\"container\">\n\t\t\t\t\t<div class=\"e-con-inner\">\n\t\t\t\t<div class=\"elementor-element elementor-element-5357e1b1 animated-slow elementor-invisible elementor-widget elementor-widget-heading\" data-id=\"5357e1b1\" data-element_type=\"widget\" data-e-type=\"widget\" data-settings=\"{&quot;_animation&quot;:&quot;fadeIn&quot;}\" data-widget_type=\"heading.default\">\n\t\t\t\t<div class=\"elementor-widget-container\">\n\t\t\t\t\t<h1 class=\"elementor-heading-title elementor-size-default\">Renal scintigraphy<\/h1>\t\t\t\t<\/div>\n\t\t\t\t<\/div>\n\t\t\t\t<div class=\"elementor-element elementor-element-18bacf80 listenpunkte elementor-widget elementor-widget-text-editor\" data-id=\"18bacf80\" data-element_type=\"widget\" data-e-type=\"widget\" data-widget_type=\"text-editor.default\">\n\t\t\t\t<div class=\"elementor-widget-container\">\n\t\t\t\t\t\t\t\t\t<p>During a renal scintigraphy, a weakly radioactive drug (MAG3) is injected into a vein while you lie on the gamma camera. At the same time as the injection, the recording starts, during which you have to lie still on the camera for over 20 minutes.<\/p>\t\t\t\t\t\t\t\t<\/div>\n\t\t\t\t<\/div>\n\t\t\t\t\t<\/div>\n\t\t\t\t<\/div>\n\t\t\t\t<\/div>","protected":false},"excerpt":{"rendered":"<p>Nierenfunktions&shy;szintigra&shy;phie Bei einer Nierenszintigraphie wird, w\u00e4hrend Sie auf der Gamma-Kamera liegen, Ihnen ein schwach radioaktiv markiertes Medikament (MAG3) in eine Vene injiziert. Gleichzeitig mit der Injektion wird die Aufnahme gestartet, w\u00e4hrend der Sie \u00fcber 20 Minuten ruhig auf der Kamera liegen m\u00fcssen.<\/p>","protected":false},"author":3,"featured_media":0,"parent":0,"menu_order":0,"comment_status":"closed","ping_status":"closed","template":"","meta":{"footnotes":""},"class_list":["post-9265","page","type-page","status-publish","hentry"],"yoast_head":"<!-- This site is optimized with the Yoast SEO plugin v27.5 - https:\/\/yoast.com\/product\/yoast-seo-wordpress\/ -->\n<title>Nierenfunktionsszintigraphie | Radiologie | Nuklearmedizin Heinsberg - Radiologie | Nuklearmedizin Heinsberg<\/title>\n<meta name=\"description\" content=\"Nierenfunktionsszintigraphie Heinsberg \u2713 \u27a4 Erfahren Sie mehr \u00fcber unsere Untersuchungen! \u27a4 Vereinbaren Sie einen Termin bei uns!\" \/>\n<meta name=\"robots\" content=\"index, follow, max-snippet:-1, max-image-preview:large, max-video-preview:-1\" \/>\n<link rel=\"canonical\" href=\"https:\/\/www.radiologie-heinsberg.de\/en\/nierenfunktionsszintigraphie-radiologie-heinsberg\/\" \/>\n<meta property=\"og:locale\" content=\"en_US\" \/>\n<meta property=\"og:type\" content=\"article\" \/>\n<meta property=\"og:title\" content=\"Nierenfunktionsszintigraphie | Radiologie | Nuklearmedizin Heinsberg - Radiologie | Nuklearmedizin Heinsberg\" \/>\n<meta property=\"og:description\" content=\"Nierenfunktionsszintigraphie Heinsberg \u2713 \u27a4 Erfahren Sie mehr \u00fcber unsere Untersuchungen! \u27a4 Vereinbaren Sie einen Termin bei uns!\" \/>\n<meta property=\"og:url\" content=\"https:\/\/www.radiologie-heinsberg.de\/en\/nierenfunktionsszintigraphie-radiologie-heinsberg\/\" \/>\n<meta property=\"og:site_name\" content=\"Radiologie | Nuklearmedizin Heinsberg\" \/>\n<meta property=\"article:modified_time\" content=\"2024-09-30T05:07:17+00:00\" \/>\n<meta name=\"twitter:card\" content=\"summary_large_image\" \/>\n<script type=\"application\/ld+json\" class=\"yoast-schema-graph\">{\"@context\":\"https:\\\/\\\/schema.org\",\"@graph\":[{\"@type\":\"WebPage\",\"@id\":\"https:\\\/\\\/www.radiologie-heinsberg.de\\\/nierenfunktionsszintigraphie-radiologie-heinsberg\\\/\",\"url\":\"https:\\\/\\\/www.radiologie-heinsberg.de\\\/nierenfunktionsszintigraphie-radiologie-heinsberg\\\/\",\"name\":\"Nierenfunktionsszintigraphie | Radiologie | Nuklearmedizin Heinsberg - Radiologie | Nuklearmedizin Heinsberg\",\"isPartOf\":{\"@id\":\"https:\\\/\\\/www.radiologie-heinsberg.de\\\/#website\"},\"datePublished\":\"2024-01-24T18:32:55+00:00\",\"dateModified\":\"2024-09-30T05:07:17+00:00\",\"description\":\"Nierenfunktionsszintigraphie Heinsberg \u2713 \u27a4 Erfahren Sie mehr \u00fcber unsere Untersuchungen! \u27a4 Vereinbaren Sie einen Termin bei uns!\",\"breadcrumb\":{\"@id\":\"https:\\\/\\\/www.radiologie-heinsberg.de\\\/nierenfunktionsszintigraphie-radiologie-heinsberg\\\/#breadcrumb\"},\"inLanguage\":\"en-US\",\"potentialAction\":[{\"@type\":\"ReadAction\",\"target\":[\"https:\\\/\\\/www.radiologie-heinsberg.de\\\/nierenfunktionsszintigraphie-radiologie-heinsberg\\\/\"]}]},{\"@type\":\"BreadcrumbList\",\"@id\":\"https:\\\/\\\/www.radiologie-heinsberg.de\\\/nierenfunktionsszintigraphie-radiologie-heinsberg\\\/#breadcrumb\",\"itemListElement\":[{\"@type\":\"ListItem\",\"position\":1,\"name\":\"Startseite\",\"item\":\"https:\\\/\\\/www.radiologie-heinsberg.de\\\/\"},{\"@type\":\"ListItem\",\"position\":2,\"name\":\"Nierenfunktionsszintigraphie | Radiologie | Nuklearmedizin Heinsberg\"}]},{\"@type\":\"WebSite\",\"@id\":\"https:\\\/\\\/www.radiologie-heinsberg.de\\\/#website\",\"url\":\"https:\\\/\\\/www.radiologie-heinsberg.de\\\/\",\"name\":\"Radiologie | Nuklearmedizin Heinsberg\",\"description\":\"Gemeinschaftspraxis Heinsberg\",\"publisher\":{\"@id\":\"https:\\\/\\\/www.radiologie-heinsberg.de\\\/#organization\"},\"potentialAction\":[{\"@type\":\"SearchAction\",\"target\":{\"@type\":\"EntryPoint\",\"urlTemplate\":\"https:\\\/\\\/www.radiologie-heinsberg.de\\\/?s={search_term_string}\"},\"query-input\":{\"@type\":\"PropertyValueSpecification\",\"valueRequired\":true,\"valueName\":\"search_term_string\"}}],\"inLanguage\":\"en-US\"},{\"@type\":\"Organization\",\"@id\":\"https:\\\/\\\/www.radiologie-heinsberg.de\\\/#organization\",\"name\":\"Radiologie | Nuklearmedizin Heinsberg\",\"url\":\"https:\\\/\\\/www.radiologie-heinsberg.de\\\/\",\"logo\":{\"@type\":\"ImageObject\",\"inLanguage\":\"en-US\",\"@id\":\"https:\\\/\\\/www.radiologie-heinsberg.de\\\/#\\\/schema\\\/logo\\\/image\\\/\",\"url\":\"https:\\\/\\\/www.radiologie-heinsberg.de\\\/wp-content\\\/uploads\\\/2024\\\/01\\\/Logo-praxis-radiologie-heinsberg.jpg\",\"contentUrl\":\"https:\\\/\\\/www.radiologie-heinsberg.de\\\/wp-content\\\/uploads\\\/2024\\\/01\\\/Logo-praxis-radiologie-heinsberg.jpg\",\"width\":604,\"height\":271,\"caption\":\"Radiologie | Nuklearmedizin Heinsberg\"},\"image\":{\"@id\":\"https:\\\/\\\/www.radiologie-heinsberg.de\\\/#\\\/schema\\\/logo\\\/image\\\/\"}}]}<\/script>\n<!-- \/ Yoast SEO plugin. -->","yoast_head_json":{"title":"Nierenfunktionsszintigraphie | Radiologie | Nuklearmedizin Heinsberg - Radiologie | Nuklearmedizin Heinsberg","description":"Nierenfunktionsszintigraphie Heinsberg \u2713 \u27a4 Erfahren Sie mehr \u00fcber unsere Untersuchungen! \u27a4 Vereinbaren Sie einen Termin bei uns!","robots":{"index":"index","follow":"follow","max-snippet":"max-snippet:-1","max-image-preview":"max-image-preview:large","max-video-preview":"max-video-preview:-1"},"canonical":"https:\/\/www.radiologie-heinsberg.de\/en\/nierenfunktionsszintigraphie-radiologie-heinsberg\/","og_locale":"en_US","og_type":"article","og_title":"Nierenfunktionsszintigraphie | Radiologie | Nuklearmedizin Heinsberg - Radiologie | Nuklearmedizin Heinsberg","og_description":"Nierenfunktionsszintigraphie Heinsberg \u2713 \u27a4 Erfahren Sie mehr \u00fcber unsere Untersuchungen! \u27a4 Vereinbaren Sie einen Termin bei uns!","og_url":"https:\/\/www.radiologie-heinsberg.de\/en\/nierenfunktionsszintigraphie-radiologie-heinsberg\/","og_site_name":"Radiologie | Nuklearmedizin Heinsberg","article_modified_time":"2024-09-30T05:07:17+00:00","twitter_card":"summary_large_image","schema":{"@context":"https:\/\/schema.org","@graph":[{"@type":"WebPage","@id":"https:\/\/www.radiologie-heinsberg.de\/nierenfunktionsszintigraphie-radiologie-heinsberg\/","url":"https:\/\/www.radiologie-heinsberg.de\/nierenfunktionsszintigraphie-radiologie-heinsberg\/","name":"Nierenfunktionsszintigraphie | Radiologie | Nuklearmedizin Heinsberg - Radiologie | Nuklearmedizin Heinsberg","isPartOf":{"@id":"https:\/\/www.radiologie-heinsberg.de\/#website"},"datePublished":"2024-01-24T18:32:55+00:00","dateModified":"2024-09-30T05:07:17+00:00","description":"Nierenfunktionsszintigraphie Heinsberg \u2713 \u27a4 Erfahren Sie mehr \u00fcber unsere Untersuchungen! \u27a4 Vereinbaren Sie einen Termin bei uns!","breadcrumb":{"@id":"https:\/\/www.radiologie-heinsberg.de\/nierenfunktionsszintigraphie-radiologie-heinsberg\/#breadcrumb"},"inLanguage":"en-US","potentialAction":[{"@type":"ReadAction","target":["https:\/\/www.radiologie-heinsberg.de\/nierenfunktionsszintigraphie-radiologie-heinsberg\/"]}]},{"@type":"BreadcrumbList","@id":"https:\/\/www.radiologie-heinsberg.de\/nierenfunktionsszintigraphie-radiologie-heinsberg\/#breadcrumb","itemListElement":[{"@type":"ListItem","position":1,"name":"Startseite","item":"https:\/\/www.radiologie-heinsberg.de\/"},{"@type":"ListItem","position":2,"name":"Nierenfunktionsszintigraphie | Radiologie | Nuklearmedizin Heinsberg"}]},{"@type":"WebSite","@id":"https:\/\/www.radiologie-heinsberg.de\/#website","url":"https:\/\/www.radiologie-heinsberg.de\/","name":"Radiologie | Nuklearmedizin Heinsberg","description":"Gemeinschaftspraxis Heinsberg","publisher":{"@id":"https:\/\/www.radiologie-heinsberg.de\/#organization"},"potentialAction":[{"@type":"SearchAction","target":{"@type":"EntryPoint","urlTemplate":"https:\/\/www.radiologie-heinsberg.de\/?s={search_term_string}"},"query-input":{"@type":"PropertyValueSpecification","valueRequired":true,"valueName":"search_term_string"}}],"inLanguage":"en-US"},{"@type":"Organization","@id":"https:\/\/www.radiologie-heinsberg.de\/#organization","name":"Radiologie | Nuklearmedizin Heinsberg","url":"https:\/\/www.radiologie-heinsberg.de\/","logo":{"@type":"ImageObject","inLanguage":"en-US","@id":"https:\/\/www.radiologie-heinsberg.de\/#\/schema\/logo\/image\/","url":"https:\/\/www.radiologie-heinsberg.de\/wp-content\/uploads\/2024\/01\/Logo-praxis-radiologie-heinsberg.jpg","contentUrl":"https:\/\/www.radiologie-heinsberg.de\/wp-content\/uploads\/2024\/01\/Logo-praxis-radiologie-heinsberg.jpg","width":604,"height":271,"caption":"Radiologie | Nuklearmedizin Heinsberg"},"image":{"@id":"https:\/\/www.radiologie-heinsberg.de\/#\/schema\/logo\/image\/"}}]}},"_links":{"self":[{"href":"https:\/\/www.radiologie-heinsberg.de\/en\/wp-json\/wp\/v2\/pages\/9265","targetHints":{"allow":["GET"]}}],"collection":[{"href":"https:\/\/www.radiologie-heinsberg.de\/en\/wp-json\/wp\/v2\/pages"}],"about":[{"href":"https:\/\/www.radiologie-heinsberg.de\/en\/wp-json\/wp\/v2\/types\/page"}],"author":[{"embeddable":true,"href":"https:\/\/www.radiologie-heinsberg.de\/en\/wp-json\/wp\/v2\/users\/3"}],"replies":[{"embeddable":true,"href":"https:\/\/www.radiologie-heinsberg.de\/en\/wp-json\/wp\/v2\/comments?post=9265"}],"version-history":[{"count":0,"href":"https:\/\/www.radiologie-heinsberg.de\/en\/wp-json\/wp\/v2\/pages\/9265\/revisions"}],"wp:attachment":[{"href":"https:\/\/www.radiologie-heinsberg.de\/en\/wp-json\/wp\/v2\/media?parent=9265"}],"curies":[{"name":"wp","href":"https:\/\/api.w.org\/{rel}","templated":true}]}}